

{"id":17,"date":"2018-03-07T20:30:26","date_gmt":"2018-03-07T20:30:26","guid":{"rendered":"http:\/\/kjemi.no\/undervisning2\/?page_id=17"},"modified":"2025-05-02T09:34:51","modified_gmt":"2025-05-02T09:34:51","slug":"arsmoter","status":"publish","type":"page","link":"https:\/\/kjemi.no\/undervisning\/arsmoter\/","title":{"rendered":"\u00c5rsm\u00f8ter"},"content":{"rendered":"<p><a href=\"https:\/\/kjemi.no\/undervisning\/wp-content\/uploads\/sites\/10\/2025\/05\/Signert-protokoll-arsmote-2025.pdf\">Referat fra \u00e5rsm\u00f8te 2025<\/a><\/p>\n<p><a href=\"https:\/\/kjemi.no\/undervisning\/wp-content\/uploads\/sites\/10\/2025\/05\/arsrapport-2024-faggruppe-for-kjemiundervisning.pdf\">\u00c5rsrapport 2024<\/a><\/p>\n<p><a href=\"https:\/\/kjemi.no\/undervisning\/wp-content\/uploads\/sites\/10\/2024\/04\/Referat-fra-arsmote-130224.pdf\">Referat fra \u00e5rsm\u00f8te 2024<\/a><\/p>\n<p><a href=\"https:\/\/kjemi.no\/undervisning\/wp-content\/uploads\/sites\/10\/2024\/04\/arsrapport-2023-faggruppe-for-kjemiundervisning.pdf\">\u00c5rsrapport 2023<\/a><\/p>\n<p><a href=\"https:\/\/kjemi.no\/undervisning\/wp-content\/uploads\/sites\/10\/2024\/04\/Referat-fra-arsmote-090223.pdf\">Referat fra \u00e5rsm\u00f8te 2023<\/a><\/p>\n<p><a href=\"https:\/\/kjemi.no\/undervisning\/wp-content\/uploads\/sites\/10\/2024\/04\/arsrapport-2022-faggruppe-for-kjemiundervisning.pdf\">\u00c5rsrapport 2022<\/a><\/p>\n<p><a href=\"https:\/\/kjemi.no\/undervisning\/wp-content\/uploads\/sites\/10\/2023\/01\/Referat-fra-arsmote-2022.pdf\">Referat fra \u00e5rsm\u00f8te 2022<\/a><\/p>\n<p><a href=\"https:\/\/kjemi.no\/undervisning\/wp-content\/uploads\/sites\/10\/2023\/01\/arsrapport-2021-faggruppe-for-kjemiundervisning.pdf\">\u00c5rsrapport 2021<\/a><\/p>\n<p><a href=\"https:\/\/kjemi.no\/undervisning\/wp-content\/uploads\/sites\/10\/2023\/01\/Referat-fra-arsmotet-2021.pdf\">Referat fra \u00e5rsm\u00f8tet 2021 <\/a><\/p>\n<p><a href=\"https:\/\/kjemi.no\/undervisning\/wp-content\/uploads\/sites\/10\/2023\/01\/Arsrapport-2020-for-Norsk-Kjemisk-Selskaps-faggruppe-for-kjemiundervisning.pdf\">\u00c5rsrapport 2020<\/a><\/p>\n<p><a href=\"https:\/\/kjemi.no\/undervisning\/wp-content\/uploads\/sites\/10\/2024\/04\/arsrapport-2019.pdf\">\u00c5rsrapport 2019<\/a><\/p>\n<p><a href=\"https:\/\/kjemi.no\/undervisning\/wp-content\/uploads\/sites\/10\/2020\/01\/Referat_a\u030arsm\u00f8te_NKS_undervisning_2019.pdf\">Referat fra \u00e5rsm\u00f8tet 2019<\/a><\/p>\n<p><a href=\"https:\/\/kjemi.no\/undervisning\/wp-content\/uploads\/sites\/10\/2019\/09\/arsrapport-2018-faggruppe-for-kjemiundervisning.pdf\" target=\"_blank\" rel=\"noopener noreferrer\">\u00c5rsrapport 2018 <\/a><\/p>\n<p><a href=\"http:\/\/kjemi.no\/undervisning\/wp-content\/uploads\/sites\/10\/2018\/11\/referat-arsmote-2018.pdf\">Referat fra \u00e5rsm\u00f8tet 2018<\/a><\/p>\n<p><a href=\"https:\/\/kjemi.no\/undervisning\/wp-content\/uploads\/sites\/10\/2024\/10\/Arsrapport-2017-for-Norsk-Kjemisk-Selskaps-faggruppe-for-kjemiundervisning-nov.2017.pdf\">\u00c5rsrapport 2017<\/a><\/p>\n<p><a href=\"https:\/\/kjemi.no\/undervisning\/wp-content\/uploads\/sites\/10\/2024\/10\/referat-arsmotet-nks-2017.pdf\">Referat fra \u00e5rsm\u00f8tet 2017<\/a><\/p>\n<p><a href=\"https:\/\/kjemi.no\/undervisning\/wp-content\/uploads\/sites\/10\/2024\/10\/UndervisningArsrapport-2016.pdf\">\u00c5rsrapport 2016<\/a><\/p>\n<p><a href=\"https:\/\/kjemi.no\/undervisning\/wp-content\/uploads\/sites\/10\/2024\/10\/ArsrapportKjemiundervisning-2015.pdf\">\u00c5rsrapport 2015<\/a><\/p>\n<p><a href=\"https:\/\/kjemi.no\/undervisning\/wp-content\/uploads\/sites\/10\/2024\/10\/Arsrapport-kjemiundervisning-2014.pdf\">\u00c5rsrapport 2014<\/a><\/p>\n<p><a href=\"https:\/\/kjemi.no\/undervisning\/wp-content\/uploads\/sites\/10\/2018\/03\/arsrapport-2013-faggruppe-for-kjemiundervisning.pdf\">\u00c5rsrapport 2013<\/a><\/p>\n<p><a href=\"https:\/\/kjemi.no\/undervisning\/wp-content\/uploads\/sites\/10\/2018\/03\/arsrapport-2012-faggruppe-for-kjemiundervisning.pdf\">\u00c5rsrapport 2012<\/a><\/p>\n<p><a href=\"https:\/\/kjemi.no\/undervisning\/wp-content\/uploads\/sites\/10\/2018\/03\/referat-arsmote-2012.pdf\">Referat fra \u00e5rsm\u00f8tet 2012<\/a><\/p>\n","protected":false},"excerpt":{"rendered":"<p>Referat fra \u00e5rsm\u00f8te 2025 \u00c5rsrapport 2024 Referat fra \u00e5rsm\u00f8te 2024 \u00c5rsrapport 2023 Referat fra \u00e5rsm\u00f8te 2023 \u00c5rsrapport 2022 Referat fra \u00e5rsm\u00f8te 2022 \u00c5rsrapport 2021 Referat fra \u00e5rsm\u00f8tet 2021 \u00c5rsrapport 2020 \u00c5rsrapport 2019 Referat fra \u00e5rsm\u00f8tet 2019 \u00c5rsrapport 2018 Referat fra \u00e5rsm\u00f8tet 2018 \u00c5rsrapport 2017 Referat fra \u00e5rsm\u00f8tet 2017 \u00c5rsrapport 2016 \u00c5rsrapport 2015 \u00c5rsrapport 2014 \u00c5rsrapport &#8230; <a title=\"\u00c5rsm\u00f8ter\" class=\"read-more\" href=\"https:\/\/kjemi.no\/undervisning\/arsmoter\/\" aria-label=\"Read more about \u00c5rsm\u00f8ter\">Les mer<\/a><\/p>\n","protected":false},"author":1,"featured_media":0,"parent":0,"menu_order":0,"comment_status":"closed","ping_status":"closed","template":"","meta":{"footnotes":""},"class_list":["post-17","page","type-page","status-publish"],"_links":{"self":[{"href":"https:\/\/kjemi.no\/undervisning\/wp-json\/wp\/v2\/pages\/17","targetHints":{"allow":["GET"]}}],"collection":[{"href":"https:\/\/kjemi.no\/undervisning\/wp-json\/wp\/v2\/pages"}],"about":[{"href":"https:\/\/kjemi.no\/undervisning\/wp-json\/wp\/v2\/types\/page"}],"author":[{"embeddable":true,"href":"https:\/\/kjemi.no\/undervisning\/wp-json\/wp\/v2\/users\/1"}],"replies":[{"embeddable":true,"href":"https:\/\/kjemi.no\/undervisning\/wp-json\/wp\/v2\/comments?post=17"}],"version-history":[{"count":35,"href":"https:\/\/kjemi.no\/undervisning\/wp-json\/wp\/v2\/pages\/17\/revisions"}],"predecessor-version":[{"id":172,"href":"https:\/\/kjemi.no\/undervisning\/wp-json\/wp\/v2\/pages\/17\/revisions\/172"}],"wp:attachment":[{"href":"https:\/\/kjemi.no\/undervisning\/wp-json\/wp\/v2\/media?parent=17"}],"curies":[{"name":"wp","href":"https:\/\/api.w.org\/{rel}","templated":true}]}}