

{"id":10,"date":"2018-03-07T20:21:48","date_gmt":"2018-03-07T20:21:48","guid":{"rendered":"http:\/\/kjemi.no\/undervisning2\/?page_id=10"},"modified":"2025-12-19T13:53:45","modified_gmt":"2025-12-19T13:53:45","slug":"hjem","status":"publish","type":"page","link":"https:\/\/kjemi.no\/undervisning\/","title":{"rendered":"Hjem"},"content":{"rendered":"<h2>Siste nytt<\/h2>\n<p><a href=\"https:\/\/kjemi.no\/undervisning\/2025\/innkalling-til-arsmote-4-2-2026\/\">Innkalling til \u00e5rsm\u00f8te 4. februar 2026<\/a><\/p>\n<p>&nbsp;<\/p>\n<h2>Om faggruppen<\/h2>\n<p>Faggruppen for kjemiundervisning er \u00e5pen for alle som er interessert i formidling av kjemi.<\/p>\n<ul>\n<li>Form\u00e5let med faggruppen er<br \/>\n\u2022 \u00e5 fremme kontakt og samarbeid mellom milj\u00f8er som er opptatt av kjemiformidling<br \/>\n\u2022 \u00e5 v\u00e6re et forum hvor kjemifaget, kjemiens plass i naturfag, l\u00e6replaner, l\u00e6reb\u00f8ker og eksamen kan diskuteres aktivt<br \/>\n\u2022 \u00e5 p\u00e5virke kjemiundervisningen i skolen<br \/>\n\u2022 \u00e5 fremme faglig og pedagogisk utvikling i norsk kjemiundervisning, arrangere samlinger og konferanser for kjemil\u00e6rere og l\u00e6rere som underviser i naturfag<\/li>\n<\/ul>\n<p>Faggruppen for kjemiundervisning ble formelt opprettet p\u00e5 Norsk Kjemisk Selskaps r\u00e5dsm\u00f8te 13. april i 2012.<\/p>\n<h2><strong>Innmelding<\/strong><\/h2>\n<p>Allerede medlem av NKS? Send en epost til\u00a0<a href=\"mailto:medlem@kjemi.no\">medlem@kjemi.no<\/a>\u00a0og skriv at du vil bli medlem av faggruppen.<\/p>\n<p>Ikke medlem av NKS?\u00a0<a href=\"http:\/\/www.kjemi.no\/medlemskap\/\">Meld deg inn i NKS<\/a>\u00a0og kryss av for &laquo;Faggruppe for kjemiundervisning&raquo;.<\/p>\n<p><strong>Kontakt <\/strong>\u00a0e-post: <a href=\"mailto:undervisning@kjemi.no\">undervisning@kjemi.no<\/a>.<\/p>\n<p><a href=\"https:\/\/www.facebook.com\/groups\/158645702530061\">Bli medlem av v\u00e5r facebookgruppe<\/a><\/p>\n<p>&nbsp;<\/p>\n<h2><strong>Styret i faggruppen<\/strong><\/h2>\n<p>Leder: Svein Tveit, Seksjon for kjemididaktikk, UiO<br \/>\nNestleder: Kirsti Marie Jegstad, Institutt for grunnskole- og fagl\u00e6rerutdanning, OsloMet<br \/>\nKasserer: Live Janicke Bruseth, Langhaugen vgs, Bergen.<br \/>\nStyremedlem: Magne Olufsen, UiT.<br \/>\nStyremedlem: Martine Salomonsen Amundsen, D\u00f8nski vgs.<\/p>\n<p>Varamedlemmer:<br \/>\nKirsten Fiskum, Naturfagsenteret, UiO<br \/>\nKristian Weibye, Akademiet Realfagsgymnas Sandvika<\/p>\n<p>&nbsp;<\/p>\n<p><a href=\"http:\/\/kjemi.no\/undervisning\/wp-content\/uploads\/sites\/10\/2018\/03\/vedtekter-for-faggruppe-for-kjemiundervisning.pdf\">Vedtekter (pdf)<\/a><\/p>\n<p><a href=\"http:\/\/kjemi.no\/undervisning\/arsmoter\/\">\u00c5rsrapporter og referat fra \u00e5rsm\u00f8ter<\/a><\/p>\n","protected":false},"excerpt":{"rendered":"<p>Siste nytt Innkalling til \u00e5rsm\u00f8te 4. februar 2026 &nbsp; Om faggruppen Faggruppen for kjemiundervisning er \u00e5pen for alle som er interessert i formidling av kjemi. Form\u00e5let med faggruppen er \u2022 \u00e5 fremme kontakt og samarbeid mellom milj\u00f8er som er opptatt av kjemiformidling \u2022 \u00e5 v\u00e6re et forum hvor kjemifaget, kjemiens plass i naturfag, l\u00e6replaner, l\u00e6reb\u00f8ker &#8230; <a title=\"Hjem\" class=\"read-more\" href=\"https:\/\/kjemi.no\/undervisning\/\" aria-label=\"Read more about Hjem\">Les mer<\/a><\/p>\n","protected":false},"author":1,"featured_media":0,"parent":0,"menu_order":0,"comment_status":"closed","ping_status":"closed","template":"","meta":{"footnotes":""},"class_list":["post-10","page","type-page","status-publish"],"_links":{"self":[{"href":"https:\/\/kjemi.no\/undervisning\/wp-json\/wp\/v2\/pages\/10","targetHints":{"allow":["GET"]}}],"collection":[{"href":"https:\/\/kjemi.no\/undervisning\/wp-json\/wp\/v2\/pages"}],"about":[{"href":"https:\/\/kjemi.no\/undervisning\/wp-json\/wp\/v2\/types\/page"}],"author":[{"embeddable":true,"href":"https:\/\/kjemi.no\/undervisning\/wp-json\/wp\/v2\/users\/1"}],"replies":[{"embeddable":true,"href":"https:\/\/kjemi.no\/undervisning\/wp-json\/wp\/v2\/comments?post=10"}],"version-history":[{"count":48,"href":"https:\/\/kjemi.no\/undervisning\/wp-json\/wp\/v2\/pages\/10\/revisions"}],"predecessor-version":[{"id":189,"href":"https:\/\/kjemi.no\/undervisning\/wp-json\/wp\/v2\/pages\/10\/revisions\/189"}],"wp:attachment":[{"href":"https:\/\/kjemi.no\/undervisning\/wp-json\/wp\/v2\/media?parent=10"}],"curies":[{"name":"wp","href":"https:\/\/api.w.org\/{rel}","templated":true}]}}