

{"id":7,"date":"2016-04-28T19:20:31","date_gmt":"2016-04-28T19:20:31","guid":{"rendered":"http:\/\/kjemi.no\/trondhjem-wp\/?page_id=7"},"modified":"2026-04-09T14:11:32","modified_gmt":"2026-04-09T14:11:32","slug":"litt-om-avdelingen","status":"publish","type":"page","link":"https:\/\/kjemi.no\/trondhjem\/litt-om-avdelingen\/","title":{"rendered":"Litt om avdelingen"},"content":{"rendered":"<p><strong>Litt om Trondhjems avdeling av Norsk kjemisk selskap<\/strong><\/p>\n<p>Norsk Kjemisk Selskap avdeling Trondhjem ble etablert i 1926. F\u00f8r denne tid hadde milj\u00f8et i Trondheim f\u00f8rst best\u00e5tt som en kjemisk forening som eksisterte noen f\u00e5 \u00e5r fra midten av 1890 tallet. Denne foreningen bestod av noen f\u00e5 personer, deriblant overl\u00e6rer Wle\u00fcgel, Schulerud, apoteker Hirsch, provisor Lindemann og Dr. Lindemann.<\/p>\n<figure id=\"attachment_9\" aria-describedby=\"caption-attachment-9\" style=\"width: 594px\" class=\"wp-caption aligncenter\"><img loading=\"lazy\" decoding=\"async\" class=\"size-full wp-image-9\" src=\"http:\/\/kjemi.no\/trondhjem-wp\/wp-content\/uploads\/sites\/8\/2016\/04\/klubbe.jpg\" alt=\"Norsk Kjemisk Selskap Avdeling Trondhjem sin klubbe, p\u00e5 baksiden st\u00e5r skrevet &quot;Aluminium av Trondhjemslere&quot;.\" width=\"604\" height=\"226\" srcset=\"https:\/\/kjemi.no\/trondhjem\/wp-content\/uploads\/sites\/8\/2016\/04\/klubbe.jpg 604w, https:\/\/kjemi.no\/trondhjem\/wp-content\/uploads\/sites\/8\/2016\/04\/klubbe-300x112.jpg 300w\" sizes=\"auto, (max-width: 604px) 100vw, 604px\" \/><figcaption id=\"caption-attachment-9\" class=\"wp-caption-text\">Norsk Kjemisk Selskap Avdeling Trondhjem sin klubbe, p\u00e5 baksiden st\u00e5r skrevet &laquo;Aluminium av Trondhjemslere&raquo;.<\/figcaption><\/figure>\n<p style=\"background: white; margin: 0cm 0cm 18.0pt 0cm;\"><span style=\"font-size: 13.0pt; font-family: 'Open Sans',sans-serif; color: #3a3a3a;\">Ved opprettelsen av Norges Tekniske H\u00f8gskole i 1910 kom sp\u00f8rsm\u00e5let om \u00e5 gjenopplive denne foreningen opp igjen. I 1921 henvendte Norsk Kjemisk Selskap sitt styre i Oslo seg til Trondheimsmilj\u00f8et for \u00e5 f\u00e5 opprettet en avdeling her. Innbydelsen fra Norsk Kjemisk Selskap ble dr\u00f8ftet i Trondheimsmilj\u00f8et, som fant p\u00e5 det tidspunkt henvendelsen lite tilfredsstillende i og med at avdelingen bare skulle kunne opptre utetter et p\u00e5 generalforsamling i Oslo valgt styre, samt at man var i mot tilknytningen til Polyteknisk Forening. I starten av september 1923 ble det holdt et m\u00f8te p\u00e5 Kjemiavdelingens kontor, hvor professor Harald Pedersen og Dr. Erik Solberg sammen med Kjemiavdelingens professorer (Collenberg, Lindeman, Riiber, og Schmidt-Nielsen) ble enige om \u00e5 ta initiativ til stiftelsen av kjemikerforeningen i Trondhjem.<\/span><\/p>\n<p style=\"background: white; margin: 0cm 0cm 18.0pt 0cm;\"><span style=\"font-size: 13.0pt; font-family: 'Open Sans',sans-serif; color: #3a3a3a;\">Den 20. september ble det sent brev til kjemikere i Tr\u00f8ndelag med oppfordring om \u00e5 komme til et konstituert m\u00f8te den 28. september i Harmoniens lokaler klokken 19:30. Oppropet var foruten de seks nevnte personer ogs\u00e5 underskrevet av statsr\u00e5d Bernhard Br\u00e6nne, fabrikkeier O. Erichsen, bryggerieier H. Jenssen og lektor Schulerud. M\u00f8te ble avholdt som planlagt den 28. september under ledelse av professor Schmidt-Nilsen, og opprettelsen av en frittst\u00e5ende avdeling i Trondheim ble besluttet. F\u00f8lgende ble valgt til styret; Professor Sigval Schmidt-Nielsen (formann), Dr. Erik Solberg (viseformann), professor Harald Pedersen, provisor E. J. Michelet (kasserer) og dosent Endre Berner (sekret\u00e6r). Under det p\u00e5f\u00f8lgende m\u00f8te ble det opplyst at foreningen alt hadde 61 medlemmer.<\/span><\/p>\n<p style=\"background: white; margin: 0cm 0cm 18.0pt 0cm;\"><span style=\"font-size: 13.0pt; font-family: 'Open Sans',sans-serif; color: #3a3a3a;\">I 1925 tok imidlertid dav\u00e6rende formann professor Peder Farup i Norsk Kjemisk Selskap saken igjen opp om \u00e5 f\u00e5 etablert en landsomfattende forening, og det ble utarbeidet lover for en landsforening med styre sammensatt av representanter for avdelingene og uten tilknytning til Polyteknisk Forening. Forslaget ble behandlet p\u00e5 m\u00f8te i Oslo den 20. februar 1926 av styrets medlemmer (prof. dr. P. Farup, P. W. K. B\u00f8ckman, dr. K. Ingebrechtsen, dr. W. Holwech, kjemiing. A. Ravnestad, \u00d8stfold Avdeling) samt representanter fra Den Kemiske Forening i Trondhjem (prof. dr. Sigval Schmidt-Nielsen og prof. dr. Harald Pedersen) og en representant fra Den Kemiske Forening i Bergen (prof. dr. Torbj\u00f8rn Gaarder). Den foresl\u00e5tte nyorganiseringen av landsforeningen med avdeling i Bergen, Oslo, Trondheim og \u00d8stfold ble godkjent, og forslaget etterp\u00e5 sendt til selskapets medlemmer for uravstemning. 12. april 1926 ble forslaget vedtatt etter \u00e5 ha f\u00e5tt enstemmig st\u00f8tte ved uravstemningen. 23. april 1926 ble forslaget vedtatt i Trondheim. 1. juli 1926 ble det telt 72 medlemmer i Trondhjems avdeling.<\/span><\/p>\n<p style=\"margin: 0cm; background: white;\"><span style=\"font-size: 13.0pt; font-family: 'Open Sans',sans-serif; color: #3a3a3a;\">Trondhjems avdeling avholdt sine m\u00f8ter i Harmoniens lokaler som l\u00e5 n\u00e6r dagens Trondheim Torg. Men 27. januar 1942 brant dessverre de \u00e6rverdige lokalene ned, og m\u00f8tene ble flyttet. M\u00f8tene har siden v\u00e6rt avholdt i Kromaten kantine p\u00e5 Gl\u00f8shaugen, og de siste \u00e5rene p\u00e5 m\u00f8terom Onsager i Realfagbygget.<\/span><\/p>\n","protected":false},"excerpt":{"rendered":"<p>Litt om Trondhjems avdeling av Norsk kjemisk selskap Norsk Kjemisk Selskap avdeling Trondhjem ble etablert i 1926. F\u00f8r denne tid hadde milj\u00f8et i Trondheim f\u00f8rst best\u00e5tt som en kjemisk forening som eksisterte noen f\u00e5 \u00e5r fra midten av 1890 tallet. Denne foreningen bestod av noen f\u00e5 personer, deriblant overl\u00e6rer Wle\u00fcgel, Schulerud, apoteker Hirsch, provisor Lindemann &#8230; <a title=\"Litt om avdelingen\" class=\"read-more\" href=\"https:\/\/kjemi.no\/trondhjem\/litt-om-avdelingen\/\" aria-label=\"Read more about Litt om avdelingen\">Les mer<\/a><\/p>\n","protected":false},"author":1,"featured_media":0,"parent":0,"menu_order":0,"comment_status":"closed","ping_status":"closed","template":"","meta":{"footnotes":""},"class_list":["post-7","page","type-page","status-publish"],"_links":{"self":[{"href":"https:\/\/kjemi.no\/trondhjem\/wp-json\/wp\/v2\/pages\/7","targetHints":{"allow":["GET"]}}],"collection":[{"href":"https:\/\/kjemi.no\/trondhjem\/wp-json\/wp\/v2\/pages"}],"about":[{"href":"https:\/\/kjemi.no\/trondhjem\/wp-json\/wp\/v2\/types\/page"}],"author":[{"embeddable":true,"href":"https:\/\/kjemi.no\/trondhjem\/wp-json\/wp\/v2\/users\/1"}],"replies":[{"embeddable":true,"href":"https:\/\/kjemi.no\/trondhjem\/wp-json\/wp\/v2\/comments?post=7"}],"version-history":[{"count":4,"href":"https:\/\/kjemi.no\/trondhjem\/wp-json\/wp\/v2\/pages\/7\/revisions"}],"predecessor-version":[{"id":54,"href":"https:\/\/kjemi.no\/trondhjem\/wp-json\/wp\/v2\/pages\/7\/revisions\/54"}],"wp:attachment":[{"href":"https:\/\/kjemi.no\/trondhjem\/wp-json\/wp\/v2\/media?parent=7"}],"curies":[{"name":"wp","href":"https:\/\/api.w.org\/{rel}","templated":true}]}}