

{"id":17,"date":"2016-04-28T19:27:12","date_gmt":"2016-04-28T19:27:12","guid":{"rendered":"http:\/\/kjemi.no\/trondhjem-wp\/?page_id=17"},"modified":"2026-04-09T14:14:58","modified_gmt":"2026-04-09T14:14:58","slug":"avholdte-moter","status":"publish","type":"page","link":"https:\/\/kjemi.no\/trondhjem\/avholdte-moter\/","title":{"rendered":"Avholdte m\u00f8ter"},"content":{"rendered":"<h2>Eldre m\u00f8ter<\/h2>\n<p>17. mars <b>Johan Berg Pettersen<\/b>, f\u00f8rsteamanuensis II ved Universitetet i Agder. <i>LCA for dummies &amp; space : Hva er livsl\u00f8psvurdering (LCA) og hvordan bruker European Space Agency det til \u00e5<br \/>\nvurdere milj\u00f8egenskaper til materialer for anvendelser i rommet.<\/i><\/p>\n<p>21. mai <b>Peter H. Seeberger<\/b>, professor II ved Max-Planck-Institut f\u00fcr Kolloid und Grenzfl\u00e4chenforschung, Potsdam, Tyskland.<br \/>\n<i>Preventing and Curing Infectious Diseases: Carbohydrate Vaccines and Continuous Flow Synthesis.<\/i><\/p>\n<p>8. juni\u00a0<strong>Trude Helen Flo<\/strong>, Professor in Cell Biology and Co-Director of CEMIR NTNU, Centre of Molecular Inflammation Research, Department of Cancer Research and Molecular Medicine:\u00a0<em>Vaksiner \u2013 en kjemisk cocktail som redder liv<\/em><\/p>\n<h2>Avholdte m\u00f8ter i 2014<\/h2>\n<p>11. februar <b>Espen Rudberg<\/b>, M.Sc. og Stipendiat. R&amp;D responsible, accelerators, MAPEI AS. <i>It is lot of chemistry in a good concrete wall<\/i><\/p>\n<p>5. mars <b>Ingeborg Kaus<\/b>, Forskningsdirekt\u00f8r, SINTEF. <i>V\u00e5tkjemisk materialsyntese og energiapplikasjoner<\/i>. (Sammen med \u00e5rsm\u00f8tet)<\/p>\n<p>29. april <b>Dr. Justin Hargreaves<\/b>, University of Glasgow, Scotland <i>The potential valorisation of large scale wastes \u2013 catalytic<br \/>\napplications<\/i>.<\/p>\n<h2>Avholdte m\u00f8ter i 2013<\/h2>\n<p>12. februar <b>Magne B\u00f8rset<\/b>, professor ved Institutt for kreftforskning og molekyl\u00e6r medisin, NTNU. <i>Nobelprisen i kjemi 2012: \u201cfor studies of G-protein-coupled receptors\u201d*<\/i><\/p>\n<p>12. juni <b>Stian Svelle<\/b>, 1. amanuensis og fungerende senterleder,<br \/>\nKjemisk institutt og inGAP, Universitetet i Oslo. <i>Plast og drivstoff uten olje? &#8211; Katalyseforskning ved Universitetet i Oslo<\/i><\/p>\n<p>22. oktober <b>Prof. Dr. A. Stephen K. Hashmi<\/b>, Institutt for<br \/>\norganisk kjemi, Univ. Heidelberg, Tyskland. <i>Gold Catalysis; Methods, Mechanisms and Application<\/i><\/p>\n<p>26. november <b>Prof. Per-Olof \u00c5strand<\/b>, Institutt for kjemi, NTNU. <i>The Nobel Prize in Chemistry 2013<\/i><\/p>\n<h2>Avholdte m\u00f8ter i 2012<\/h2>\n<p>4. september <b>Arne Espelund<\/b>, Professor Emeritus ved Institutt for materialteknologi, NTNU : <i>Kobberframstilling i Norge- fra 1300-tallet i Mer\u00e5ker til nedlegginga i<br \/>\nSulitjelma p\u00e5 1980-tallet <\/i><\/p>\n<p>25. september <b>Odne S. Burheim<\/b>, post doktor ved Institutt for kjemi,NTNU, og Wetsus (Centre of excellence for sustainable water technology),Nederland:<br \/>\n<i>Saltkraft &#8211; fornybar kjemisk energi<\/i><\/p>\n<p>23. oktober <b>Sina Maria Lystvet<\/b>, Stipendiat ved Institutt for kjemisk prosessteknologi, NTNU: <i>Proteiner + gull = nanomedisin?<\/i><\/p>\n<p>28. november <b>Egil Sakshaug<\/b>, professor ved Institutt for Biologi, NTNU: <i>Havet: CO<sub>2<\/sub> og sure opp- og nedgulp<\/i><\/p>\n<h2>Avholdte m\u00f8ter i 2011<\/h2>\n<p>1. februar <b>Line Sm\u00e5stuen Haug, stipendiat i analytisk kjemi ved Folkehelseinstituttet<\/b> <i>Ski med god gli \u2013 bare positivt?<\/i><\/p>\n<p>22. februar <b>Odd R. Gautun, Institutt for kjemi, NTNU. <\/b> <i>Nobelprisen i kjemi 2010<\/i><\/p>\n<p>8. mars <b>Martin Hovland, Spesialist i marin geologi, Statoil ASA og professor II ved Senter for Geobiologi, Universitetet i Bergen<\/b>. <i>Siste nytt fra Nyegga (750 m vanndyp, 250 km vest av Trondheim)<\/i><\/p>\n<h2>Avholdte m\u00f8ter i 2010<\/h2>\n<p>2. februar <b>Hans Einar Krokan, professor i molekyl\u00e6rbiologi ved Institutt for kreftforskning og molekyl\u00e6r medisin, Det medisinske fakultet, NTNU<\/b> <i>Nobelprisene i kjemi og medisin 2009: en n\u00e6rmere titt p\u00e5 oppdagelsene<\/i><\/p>\n<p>13. april <b>Dr. ing. \u00d8yvind Melhus, disiplinleder avgassm\u00e5ling, EcoxyDr. ing. \u00d8yvind Melhus, disiplinleder avgassm\u00e5ling, Ecoxy<\/b> <i>Luftforurensning &#8211; kjemi og forretning<\/i><\/p>\n<p>26. mai <b>Bj\u00f8rn Ove Berthelsen, overingeni\u00f8r ved Milj\u00f8enheten, Trondheim kommune<\/b> <i>Vin &#8212; smak, lukt, jordsmonn!<\/i><\/p>\n<p>28. september <b>Martin Lersch, PhD, forsker i Borregaard<\/b> <i>Kokkens kjemiske kj\u00f8kkentriks<\/i><\/p>\n<h2>Avholdte m\u00f8ter i 2009<\/h2>\n<p>Tirsdag 10. februar <b>Marit Otterlei, professor ved Institutt for kreftforskning og molekyl\u00e6r medisin (IKM), NTNU<\/b> <i>GFP, the &laquo;NOBEL&raquo; protein<\/i><\/p>\n<p>Tirsdag 17. mars <b>B\u00f8rre Tore B\u00f8rresen, StatoilHydro<\/b>: \u201dTo bio or not to bio\u2026\u201d<\/p>\n<p>Tirsdag 5.mai <b>Svein St\u00f8len, Professor ved Kjemisk Institutt, UiO<\/b>: \u201dPeriodesystemet.no \u2013 hva, hvorfor, hvordan og hva s\u00e5?\u201d<\/p>\n<p>Onsdag 2.september <b>Morten Jartun, Norges geologiske unders\u00f8kelser<\/b>: \u201dPCB p\u00e5 Svalbard &#8211; langtransportert eller lokale kilder?\u201d<\/p>\n<p>Onsdag 30.september <b>Professor Bj\u00f8rn Alsberg, Institutt for kjemi, NTNU<\/b>: \u201dPryJector &#8211; \u00e5 gj\u00f8re det usynlige synlig ved hjelp av hyperspektral teknologi\u201d<\/p>\n<p>Tirsdag 3.november <b>Professor Rune Blomhoff, Avdeling for ern\u00e6ringsvitenskap, UiO<\/b>: \u201dKan antioksidanter beskytte mot kroniske sykdommer?\u201d<\/p>\n<h2>Avholdte m\u00f8ter i 2008<\/h2>\n<p>Tirsdag 29. januar <b>May Britt H\u00e4gg, NTNU:<\/b> <i> Nanostrukturerte membraner for gasseparasjon<\/i><\/p>\n<p>Onsdag 2. april <b>Generalforsamling, valg av nytt styre<\/b><\/p>\n<p>Onsdag 2. april <b>Anne Hoff, StatoilHydro:<\/b> <i>StatoilHydros tungoljeprosjekt i Alberta, Canada. <\/i><\/p>\n<p>Onsdag 7. mai <b>Torunn Berg, NTNU:<\/b><i> Kvikks\u00f8lv ved polar soloppgang.<\/i><\/p>\n<p>Tirsdag 9. september <b>Signe Kjelstrup, Professor ved institutt for kjemi, NTNU<\/b> <i>Onsager lever!<\/i><\/p>\n<p>Tirsdag 25. november <b>Erling Landgraff Nilsen <\/b> <i>Sjokoladefremstilling og fettkjemi<\/i><\/p>\n","protected":false},"excerpt":{"rendered":"<p>Eldre m\u00f8ter 17. mars Johan Berg Pettersen, f\u00f8rsteamanuensis II ved Universitetet i Agder. LCA for dummies &amp; space : Hva er livsl\u00f8psvurdering (LCA) og hvordan bruker European Space Agency det til \u00e5 vurdere milj\u00f8egenskaper til materialer for anvendelser i rommet. 21. mai Peter H. Seeberger, professor II ved Max-Planck-Institut f\u00fcr Kolloid und Grenzfl\u00e4chenforschung, Potsdam, Tyskland. &#8230; <a title=\"Avholdte m\u00f8ter\" class=\"read-more\" href=\"https:\/\/kjemi.no\/trondhjem\/avholdte-moter\/\" aria-label=\"Read more about Avholdte m\u00f8ter\">Les mer<\/a><\/p>\n","protected":false},"author":1,"featured_media":0,"parent":0,"menu_order":0,"comment_status":"closed","ping_status":"closed","template":"","meta":{"footnotes":""},"class_list":["post-17","page","type-page","status-publish"],"_links":{"self":[{"href":"https:\/\/kjemi.no\/trondhjem\/wp-json\/wp\/v2\/pages\/17","targetHints":{"allow":["GET"]}}],"collection":[{"href":"https:\/\/kjemi.no\/trondhjem\/wp-json\/wp\/v2\/pages"}],"about":[{"href":"https:\/\/kjemi.no\/trondhjem\/wp-json\/wp\/v2\/types\/page"}],"author":[{"embeddable":true,"href":"https:\/\/kjemi.no\/trondhjem\/wp-json\/wp\/v2\/users\/1"}],"replies":[{"embeddable":true,"href":"https:\/\/kjemi.no\/trondhjem\/wp-json\/wp\/v2\/comments?post=17"}],"version-history":[{"count":13,"href":"https:\/\/kjemi.no\/trondhjem\/wp-json\/wp\/v2\/pages\/17\/revisions"}],"predecessor-version":[{"id":56,"href":"https:\/\/kjemi.no\/trondhjem\/wp-json\/wp\/v2\/pages\/17\/revisions\/56"}],"wp:attachment":[{"href":"https:\/\/kjemi.no\/trondhjem\/wp-json\/wp\/v2\/media?parent=17"}],"curies":[{"name":"wp","href":"https:\/\/api.w.org\/{rel}","templated":true}]}}