

{"id":8,"date":"2016-04-28T18:34:39","date_gmt":"2016-04-28T18:34:39","guid":{"rendered":"http:\/\/kjemi.no\/teori2\/?page_id=8"},"modified":"2026-03-09T09:13:26","modified_gmt":"2026-03-09T09:13:26","slug":"eldre-moter","status":"publish","type":"page","link":"https:\/\/kjemi.no\/teori\/eldre-moter\/","title":{"rendered":"Eldre m\u00f8ter"},"content":{"rendered":"\r\n<div>\r\n<p>Annual Meeting of the Quantum and Computational Chemistry Chapter of the Norwegian Chemical Society, Troms\u00f8, October 20-21, 2025\u201d <a href=\"https:\/\/www.mn.uio.no\/hylleraas\/english\/news-and-events\/events\/events-in-tromso\/2025\/nks-annual-meeting-2025.html\">www.mn.uio.no\/hylleraas\/english\/news-and-events\/events\/events-in-tromso\/2025\/nks-annual-meeting-2025.html<\/a><\/p>\r\n<p>Annual Meeting of the Quantum and Computational Chemistry Chapter of the Norwegian Chemical Society, Trondheim, November 12-13, 2024. <a href=\"https:\/\/sites.google.com\/view\/nks-fall-meeting-2024\/home\">https:\/\/sites.google.com\/view\/nks-fall-meeting-2024\/home<\/a><\/p>\r\n<p><a href=\"https:\/\/www.mn.uio.no\/hylleraas\/english\/news-and-events\/events\/events-in-oslo\/2023\/birthday-conference.html\">TRAINS Conference and Annual Meeting of the Quantum and Computational Chemistry Chapter of the Norwegian Chemical Society, Hotel Sundvolden, November 27-30, 2023.<\/a><\/p>\r\n<\/div>\r\n<div><a href=\"https:\/\/nkskvant2022.w.uib.no\/\">Annual Meeting of the Quantum and Computational Chemistry Chapter of the Norwegian Chemical Society, Bergen, November 28-29, 2022.<\/a><\/div>\r\n<div>\u00a0<\/div>\r\n<div><a href=\"https:\/\/www.mn.uio.no\/hylleraas\/english\/news-and-events\/events\/events-in-oslo\/2021\/annual-meeting-of-the-quantum-and-computational-ch.html\">Annual meeting of the Quantum and Computational Chemistry chapter of the Norwegian Chemical Society, UiO 29-30 November, 2021<\/a><\/div>\r\n<div>\u00a0<\/div>\r\n<div class=\"wp-block-file\"><a href=\"https:\/\/kjemi.no\/teori\/wp-content\/uploads\/sites\/7\/2020\/02\/program-\u00c5rlig-m\u00f8te-i-faggruppen-for-Kvantekjemi-og-Modellering-2019.pdf\">\u00c5rlig m\u00f8te i faggruppen for Kvantekjemi og Modellering-2019. Annual Meeting in Quantum and Computational Chemistry. 29.6 &#8211; 30.6 2015 &#8211; Bergen. <\/a><a class=\"wp-block-file__button\" href=\"https:\/\/kjemi.no\/teori\/wp-content\/uploads\/sites\/7\/2020\/02\/program-\u00c5rlig-m\u00f8te-i-faggruppen-for-Kvantekjemi-og-Modellering-2019.pdf\" download=\"\">Last ned<\/a><\/div>\r\n\r\n<p>\u00c5rlig m\u00f8te i faggruppen for Kvantekjemi og Modellering.\u00a0Annual Meeting in Quantum and Computational Chemistry. 29.6 &#8211; 30.6 2015 &#8211; Bergen.<\/p>\r\n<p><a href=\"http:\/\/www.ctcc.no\/events\/conferences\/2013\/valca2013\/\">Very Accurate and Large Computations and Applications 2013.<\/a> \u00a09. &#8211; 12. juni 2013, Strand Hotel Fevik.<\/p>\r\n<p>H\u00f8sten 2008 arrangerte faggruppen <a href=\"http:\/\/kjemi.no\/teori\/index.php?dok=hostmote2008\">Computational Chemistry Autumn Meeting 2008<\/a> i Kongsvinger.<\/p>\r\n<p>12. and 13. october 2009: <a href=\"http:\/\/kjemi.no\/teori\/index.php?dok=hostmote2009\">Computational Chemistry Autumn Meeting <\/a>2009 i Bergen.<\/p>\r\n<p>Faggruppen for kvantekjemi og modellering avholdt et <a href=\"http:\/\/www.nt.ntnu.no\/users\/aastrand\/nks_meeting_modeling_2010\/workshop.html\">h\u00f8stm\u00f8te den 22. og 23. novembe<\/a>r 2010 i Trondheim. &#8211; Annual meeting in Computational Chemistry<\/p>\r\n<p><a href=\"http:\/\/kj-gibbs.uio.no\/nks\/\">\u00c5rsm\u00f8te p\u00e5 Lillestr\u00f8m<\/a> 28.-29. september 2011<\/p>\r\n<p><a href=\"http:\/\/www.ctcc.no\/events\/conferences\/2012\/senja-motet.html\">M\u00f8te i Hamn p\u00e5 Senja<\/a> 12. og 13. juni 2012 &#8211; Annual meeting in Computational Chemistry<\/p>","protected":false},"excerpt":{"rendered":"<p>\u00c5rlig m\u00f8te i faggruppen for Kvantekjemi og Modellering.\u00a0Annual Meeting in Quantum and Computational Chemistry. 29.6 &#8211; 30.6 2015 &#8211; Bergen. Very Accurate and Large Computations and Applications 2013. \u00a09. &#8211; 12. juni 2013, Strand Hotel Fevik. H\u00f8sten 2008 arrangerte faggruppen Computational Chemistry Autumn Meeting 2008 i Kongsvinger. 12. and 13. october 2009: Computational Chemistry Autumn &#8230; <a title=\"Eldre m\u00f8ter\" class=\"read-more\" href=\"https:\/\/kjemi.no\/teori\/eldre-moter\/\" aria-label=\"Read more about Eldre m\u00f8ter\">Les mer<\/a><\/p>\n","protected":false},"author":1,"featured_media":0,"parent":0,"menu_order":0,"comment_status":"closed","ping_status":"closed","template":"","meta":{"footnotes":""},"class_list":["post-8","page","type-page","status-publish"],"_links":{"self":[{"href":"https:\/\/kjemi.no\/teori\/wp-json\/wp\/v2\/pages\/8","targetHints":{"allow":["GET"]}}],"collection":[{"href":"https:\/\/kjemi.no\/teori\/wp-json\/wp\/v2\/pages"}],"about":[{"href":"https:\/\/kjemi.no\/teori\/wp-json\/wp\/v2\/types\/page"}],"author":[{"embeddable":true,"href":"https:\/\/kjemi.no\/teori\/wp-json\/wp\/v2\/users\/1"}],"replies":[{"embeddable":true,"href":"https:\/\/kjemi.no\/teori\/wp-json\/wp\/v2\/comments?post=8"}],"version-history":[{"count":15,"href":"https:\/\/kjemi.no\/teori\/wp-json\/wp\/v2\/pages\/8\/revisions"}],"predecessor-version":[{"id":71,"href":"https:\/\/kjemi.no\/teori\/wp-json\/wp\/v2\/pages\/8\/revisions\/71"}],"wp:attachment":[{"href":"https:\/\/kjemi.no\/teori\/wp-json\/wp\/v2\/media?parent=8"}],"curies":[{"name":"wp","href":"https:\/\/api.w.org\/{rel}","templated":true}]}}