

{"id":2,"date":"2016-04-28T18:02:41","date_gmt":"2016-04-28T18:02:41","guid":{"rendered":"http:\/\/kjemi.no\/teori2\/?page_id=2"},"modified":"2026-03-09T09:11:57","modified_gmt":"2026-03-09T09:11:57","slug":"hjem","status":"publish","type":"page","link":"https:\/\/kjemi.no\/teori\/","title":{"rendered":"Hjem"},"content":{"rendered":"<p>Velkommen til faggruppen for Kvantekjemi og Modellering.<\/p>\n<h3>Medlemskap i faggruppen<\/h3>\n<p>Er du allerede medlem i Norsk kjemisk selskap, send en epost til <a href=\"mailto:medlem@kjemi.no\">medlem@kjemi.no<\/a> og meld fra om du vil meldes inn i faggruppen.<\/p>\n<p>Er du ikke medlem i NKS, g\u00e5 til <a href=\"http:\/\/kjemi.no\/medlemskap\/\">innmeldingskjema <\/a>og kryss av for faggruppe for Kvantekjemi og Modellering.<\/p>\n<p>Har du sp\u00f8rsm\u00e5l om faggruppen,<a href=\"http:\/\/kjemi.no\/teori\/styret\/\"> kontakt gjerne en av oss i styret<\/a>.<\/p>\n<div><\/div>\n<p>&nbsp;<\/p>\n","protected":false},"excerpt":{"rendered":"<p>Velkommen til faggruppen for Kvantekjemi og Modellering. Medlemskap i faggruppen Er du allerede medlem i Norsk kjemisk selskap, send en epost til medlem@kjemi.no og meld fra om du vil meldes inn i faggruppen. Er du ikke medlem i NKS, g\u00e5 til innmeldingskjema og kryss av for faggruppe for Kvantekjemi og Modellering. Har du sp\u00f8rsm\u00e5l om &#8230; <a title=\"Hjem\" class=\"read-more\" href=\"https:\/\/kjemi.no\/teori\/\" aria-label=\"Read more about Hjem\">Les mer<\/a><\/p>\n","protected":false},"author":1,"featured_media":0,"parent":0,"menu_order":0,"comment_status":"closed","ping_status":"closed","template":"","meta":{"footnotes":""},"class_list":["post-2","page","type-page","status-publish"],"_links":{"self":[{"href":"https:\/\/kjemi.no\/teori\/wp-json\/wp\/v2\/pages\/2","targetHints":{"allow":["GET"]}}],"collection":[{"href":"https:\/\/kjemi.no\/teori\/wp-json\/wp\/v2\/pages"}],"about":[{"href":"https:\/\/kjemi.no\/teori\/wp-json\/wp\/v2\/types\/page"}],"author":[{"embeddable":true,"href":"https:\/\/kjemi.no\/teori\/wp-json\/wp\/v2\/users\/1"}],"replies":[{"embeddable":true,"href":"https:\/\/kjemi.no\/teori\/wp-json\/wp\/v2\/comments?post=2"}],"version-history":[{"count":10,"href":"https:\/\/kjemi.no\/teori\/wp-json\/wp\/v2\/pages\/2\/revisions"}],"predecessor-version":[{"id":68,"href":"https:\/\/kjemi.no\/teori\/wp-json\/wp\/v2\/pages\/2\/revisions\/68"}],"wp:attachment":[{"href":"https:\/\/kjemi.no\/teori\/wp-json\/wp\/v2\/media?parent=2"}],"curies":[{"name":"wp","href":"https:\/\/api.w.org\/{rel}","templated":true}]}}