

{"id":19,"date":"2016-04-28T18:42:34","date_gmt":"2016-04-28T18:42:34","guid":{"rendered":"http:\/\/kjemi.no\/teori2\/?page_id=19"},"modified":"2026-03-09T09:19:57","modified_gmt":"2026-03-09T09:19:57","slug":"arsmoter","status":"publish","type":"page","link":"https:\/\/kjemi.no\/teori\/arsmoter\/","title":{"rendered":"\u00c5rsm\u00f8ter"},"content":{"rendered":"\r\n<div><a href=\"https:\/\/kjemi.no\/teori\/wp-content\/uploads\/sites\/7\/2026\/03\/Referat_Generalforsamling_Arsmote_201025.pdf\">Referat fra \u00e5rsm\u00f8te 20.10.25<\/a> (pdf)<br \/><br \/><\/div>\r\n<div><a href=\"https:\/\/kjemi.no\/teori\/wp-content\/uploads\/sites\/7\/2025\/08\/Referat_aarsmote_2024.pdf\">Referat fra \u00c5rsm\u00f8te 13.11.2024<\/a> (pdf)<\/div>\r\n<div>\u00a0<\/div>\r\n<div><a href=\"https:\/\/kjemi.no\/teori\/wp-content\/uploads\/sites\/7\/2024\/02\/referat-arsmote-291123.pdf\">Referat fra \u00c5rsm\u00f8te 29.11.23<\/a> (pdf)<\/div>\r\n<div>\u00a0<\/div>\r\n<div><a href=\"https:\/\/kjemi.no\/teori\/wp-content\/uploads\/sites\/7\/2023\/03\/Referat_Arsmote_281122.pdf\">Referat fra \u00e5rsm\u00f8te 28.11.22<\/a> (pdf)<\/div>\r\n<div>\u00a0<\/div>\r\n<div><a href=\"https:\/\/kjemi.no\/teori\/wp-content\/uploads\/sites\/7\/2021\/11\/Referat_fra_arsmote_i_NKS_kvantekjemi_og_modellering_09_11_2020.pdf\">Referat fra \u00e5rsm\u00f8tet i 2020\u00a0<\/a> (pdf)<\/div>\r\n<div>\u00a0<\/div>\r\n<div class=\"wp-block-file\"><a href=\"https:\/\/kjemi.no\/teori\/wp-content\/uploads\/sites\/7\/2020\/02\/referat-kvantekjemi-arsmote-2019.pdf\">Referat fra \u00e5rsm\u00f8tet i 2019 (pdf)<\/a><\/div>\r\n\r\n<p><a href=\"http:\/\/kjemi.no\/teori\/wp-content\/uploads\/sites\/7\/2016\/04\/nks_cc_annual_meeting_2010.pdf\">Referat fra \u00e5rsm\u00f8tet 2010<\/a> (pdf)<\/p>\r\n<p><a href=\"http:\/\/kjemi.no\/teori\/wp-content\/uploads\/sites\/7\/2016\/04\/referat_arsmote_NKS_kvantekjemi_2009.pdf\">Referat fra \u00e5rsm\u00f8tet 2009<\/a> (pdf)<\/p>\r\n<p><a href=\"http:\/\/kjemi.no\/teori\/wp-content\/uploads\/sites\/7\/2016\/04\/ReferatGeneralforsamling2008.pdf\">Referat fra konstituerende generalforsamling 2008<\/a> (pdf)<\/p>","protected":false},"excerpt":{"rendered":"<p>Referat fra \u00e5rsm\u00f8tet 2010 (pdf) Referat fra \u00e5rsm\u00f8tet 2009 (pdf) Referat fra konstituerende generalforsamling 2008 (pdf)<\/p>\n","protected":false},"author":1,"featured_media":0,"parent":0,"menu_order":0,"comment_status":"closed","ping_status":"closed","template":"","meta":{"footnotes":""},"class_list":["post-19","page","type-page","status-publish"],"_links":{"self":[{"href":"https:\/\/kjemi.no\/teori\/wp-json\/wp\/v2\/pages\/19","targetHints":{"allow":["GET"]}}],"collection":[{"href":"https:\/\/kjemi.no\/teori\/wp-json\/wp\/v2\/pages"}],"about":[{"href":"https:\/\/kjemi.no\/teori\/wp-json\/wp\/v2\/types\/page"}],"author":[{"embeddable":true,"href":"https:\/\/kjemi.no\/teori\/wp-json\/wp\/v2\/users\/1"}],"replies":[{"embeddable":true,"href":"https:\/\/kjemi.no\/teori\/wp-json\/wp\/v2\/comments?post=19"}],"version-history":[{"count":12,"href":"https:\/\/kjemi.no\/teori\/wp-json\/wp\/v2\/pages\/19\/revisions"}],"predecessor-version":[{"id":75,"href":"https:\/\/kjemi.no\/teori\/wp-json\/wp\/v2\/pages\/19\/revisions\/75"}],"wp:attachment":[{"href":"https:\/\/kjemi.no\/teori\/wp-json\/wp\/v2\/media?parent=19"}],"curies":[{"name":"wp","href":"https:\/\/api.w.org\/{rel}","templated":true}]}}