

{"id":16,"date":"2016-04-28T18:38:57","date_gmt":"2016-04-28T18:38:57","guid":{"rendered":"http:\/\/kjemi.no\/teori2\/?page_id=16"},"modified":"2016-04-28T18:52:19","modified_gmt":"2016-04-28T18:52:19","slug":"vedtekter","status":"publish","type":"page","link":"https:\/\/kjemi.no\/teori\/vedtekter\/","title":{"rendered":"Vedtekter"},"content":{"rendered":"<p>1. Navn<br \/>\nFaggruppens navn er Norsk kjemisk selskaps faggruppe for kvantekjemi og modellering.<\/p>\n<p>2. Form\u00e5l<br \/>\nFaggruppen dekker metodeutvikling innen og anvendelse av kvantekjemi og molekylmodellering for \u00e5 forst\u00e5 kjemiske systemer i bred forstand. Faggruppens form\u00e5l er \u00e5 \u00f8ke interessen for og bidra til tverrfaglig kontakt mellom omr\u00e5dene nevnt ovenfor ved jevnlig \u00e5 arrangere faglige m\u00f8ter.<\/p>\n<p>3. Organisasjon og ledelse<br \/>\nFaggruppen er landsomfattende og ledes av et styre som er underlagt hovedstyret i Norsk Kjemisk Selskap (NKS).<\/p>\n<p>4. Medlemskap<br \/>\nAlle med interesse for faggruppens virksomheter kan bli medlemmer. Kontingentens st\u00f8rrelse fastsettes av hovedstyret i NKS etter forslag fra faggruppen.<\/p>\n<p>5 Styret a. Alle styremedlemmene skal v\u00e6re medlemmer av NKS<br \/>\nb. Styret b\u00f8r ha en sammensetning som dekker den faglige og geografiske utbredelsen av fagomr\u00e5det. Styret best\u00e5r av: leder, nestleder, sekret\u00e6r, kasserer og 2 styremedlemmer. Det velges to vararepresentanter.?I tillegg utpeker generalforsamlingen etter forslag fra styret en valgkomite best\u00e5ende av to medlemmer, og en revisor.<br \/>\nc. Funksjonstiden er to \u00e5r. Leder, kasserer og ett styremedlem st\u00e5r p\u00e5 valg annethvert \u00e5r. Nestleder, sekret\u00e6r og det andre styremedlemmet st\u00e5r p\u00e5 valg det mellomliggende \u00e5r.<br \/>\nd. Valgkomiteens forslag til styrerepresentanter forelegges en \u00e5rlig generalforsamling til behandling og oversendes NKS&#8217;s r\u00e5d til godkjennelse.<\/p>\n<p>6 Styrets oppgaver<br \/>\na. Organisere m\u00f8ter, kollokvier, ekskursjoner, kurs, symposier, osv. innenfor omr\u00e5dene faggruppen dekker.<br \/>\nb. S\u00f8rge for at tidskriftet &laquo;Kjemi&raquo; holdes underrettet om virksomheten.<br \/>\nc. Fremlegge \u00e5rsberetning om faggruppens virksomhet for r\u00e5det i NKS.<br \/>\nd. Fremlegge revidert regnskap for hovedstyret i NKS.<br \/>\ne. Forest\u00e5 kontakt med nordiske, europeiske og internasjonale organisasjoner innen fagomr\u00e5det, og utpeke norske representanter til disse.<\/p>\n<p>7. Endringer av statuttene<br \/>\nEndringer til statuttene kan foresl\u00e5s av hovedstyret eller faggruppens styre og vedtas av r\u00e5det i NKS.<\/p>\n<p>8. Oppl\u00f8sning<br \/>\nFaggruppen kan oppl\u00f8ses av r\u00e5det i NKS med 2\/3 flertall. Ved oppl\u00f8sning tilfaller faggruppens midler Norsk Kjemisk Selskap.<\/p>\n","protected":false},"excerpt":{"rendered":"<p>1. Navn Faggruppens navn er Norsk kjemisk selskaps faggruppe for kvantekjemi og modellering. 2. Form\u00e5l Faggruppen dekker metodeutvikling innen og anvendelse av kvantekjemi og molekylmodellering for \u00e5 forst\u00e5 kjemiske systemer i bred forstand. Faggruppens form\u00e5l er \u00e5 \u00f8ke interessen for og bidra til tverrfaglig kontakt mellom omr\u00e5dene nevnt ovenfor ved jevnlig \u00e5 arrangere faglige m\u00f8ter. &#8230; <a title=\"Vedtekter\" class=\"read-more\" href=\"https:\/\/kjemi.no\/teori\/vedtekter\/\" aria-label=\"Read more about Vedtekter\">Les mer<\/a><\/p>\n","protected":false},"author":1,"featured_media":0,"parent":0,"menu_order":0,"comment_status":"closed","ping_status":"closed","template":"","meta":{"footnotes":""},"class_list":["post-16","page","type-page","status-publish"],"_links":{"self":[{"href":"https:\/\/kjemi.no\/teori\/wp-json\/wp\/v2\/pages\/16","targetHints":{"allow":["GET"]}}],"collection":[{"href":"https:\/\/kjemi.no\/teori\/wp-json\/wp\/v2\/pages"}],"about":[{"href":"https:\/\/kjemi.no\/teori\/wp-json\/wp\/v2\/types\/page"}],"author":[{"embeddable":true,"href":"https:\/\/kjemi.no\/teori\/wp-json\/wp\/v2\/users\/1"}],"replies":[{"embeddable":true,"href":"https:\/\/kjemi.no\/teori\/wp-json\/wp\/v2\/comments?post=16"}],"version-history":[{"count":2,"href":"https:\/\/kjemi.no\/teori\/wp-json\/wp\/v2\/pages\/16\/revisions"}],"predecessor-version":[{"id":28,"href":"https:\/\/kjemi.no\/teori\/wp-json\/wp\/v2\/pages\/16\/revisions\/28"}],"wp:attachment":[{"href":"https:\/\/kjemi.no\/teori\/wp-json\/wp\/v2\/media?parent=16"}],"curies":[{"name":"wp","href":"https:\/\/api.w.org\/{rel}","templated":true}]}}