

{"id":13,"date":"2016-04-28T18:37:50","date_gmt":"2016-04-28T18:37:50","guid":{"rendered":"http:\/\/kjemi.no\/teori2\/?page_id=13"},"modified":"2026-03-09T09:15:31","modified_gmt":"2026-03-09T09:15:31","slug":"styret","status":"publish","type":"page","link":"https:\/\/kjemi.no\/teori\/styret\/","title":{"rendered":"Styret"},"content":{"rendered":"<p>Styret i Norsk Kjemisk Selskaps Faggruppe for Kvantekjemi og Modellering<\/p>\n<p>Leder: Thomas Bondo Pedersen, UiO (2024-2026)<br \/>\nNestleder: Bj\u00f8rn Olav Brandsdal, UiT (2024-2025)<br \/>\nKasserer: Ida-Marie H\u00f8yvik, NTNU (2025-2027)<br \/>\nSekret\u00e6r: Espen Sagvolden , SINTEF (2025-2027)<br \/>\nStyremedlem: Marco Foscato, UiB (2024-2026)<br \/>\nStyremedlem: Magnus Ringholm, UiT (2025-2027)<br \/>\nVaramedlem: Sarai D. Folkestad, NTNU (2025-2027)<br \/>\nVaramedlem: Abril Castro, UiO (2024-2026)<\/p>\n<p>Revisor: Per-Olof \u00c5strand, NTNU (2025-2027)<\/p>\n<p>Valgkomiteen:<br \/>\nMichele Cascella, UiO (2025-2027)<br \/>\nVidar R. Jensen, UiB (2024-2026)<\/p>\n<p>EUChemS DCTC representant:<br \/>\nEspen Sagvolden SINTEF, (2024-2026)<\/p>\n","protected":false},"excerpt":{"rendered":"<p>Styret i Norsk Kjemisk Selskaps Faggruppe for Kvantekjemi og Modellering Leder: Thomas Bondo Pedersen, UiO (2024-2026) Nestleder: Bj\u00f8rn Olav Brandsdal, UiT (2024-2025) Kasserer: Ida-Marie H\u00f8yvik, NTNU (2025-2027) Sekret\u00e6r: Espen Sagvolden , SINTEF (2025-2027) Styremedlem: Marco Foscato, UiB (2024-2026) Styremedlem: Magnus Ringholm, UiT (2025-2027) Varamedlem: Sarai D. Folkestad, NTNU (2025-2027) Varamedlem: Abril Castro, UiO (2024-2026) Revisor: &#8230; <a title=\"Styret\" class=\"read-more\" href=\"https:\/\/kjemi.no\/teori\/styret\/\" aria-label=\"Read more about Styret\">Les mer<\/a><\/p>\n","protected":false},"author":1,"featured_media":0,"parent":0,"menu_order":0,"comment_status":"closed","ping_status":"closed","template":"","meta":{"footnotes":""},"class_list":["post-13","page","type-page","status-publish"],"_links":{"self":[{"href":"https:\/\/kjemi.no\/teori\/wp-json\/wp\/v2\/pages\/13","targetHints":{"allow":["GET"]}}],"collection":[{"href":"https:\/\/kjemi.no\/teori\/wp-json\/wp\/v2\/pages"}],"about":[{"href":"https:\/\/kjemi.no\/teori\/wp-json\/wp\/v2\/types\/page"}],"author":[{"embeddable":true,"href":"https:\/\/kjemi.no\/teori\/wp-json\/wp\/v2\/users\/1"}],"replies":[{"embeddable":true,"href":"https:\/\/kjemi.no\/teori\/wp-json\/wp\/v2\/comments?post=13"}],"version-history":[{"count":8,"href":"https:\/\/kjemi.no\/teori\/wp-json\/wp\/v2\/pages\/13\/revisions"}],"predecessor-version":[{"id":72,"href":"https:\/\/kjemi.no\/teori\/wp-json\/wp\/v2\/pages\/13\/revisions\/72"}],"wp:attachment":[{"href":"https:\/\/kjemi.no\/teori\/wp-json\/wp\/v2\/media?parent=13"}],"curies":[{"name":"wp","href":"https:\/\/api.w.org\/{rel}","templated":true}]}}