

{"id":5,"date":"2018-03-06T22:10:42","date_gmt":"2018-03-06T22:10:42","guid":{"rendered":"http:\/\/kjemi.no\/ostfold2\/?page_id=5"},"modified":"2024-01-12T11:13:24","modified_gmt":"2024-01-12T11:13:24","slug":"styret-for-nks-ostfold-avdelingen","status":"publish","type":"page","link":"https:\/\/kjemi.no\/ostfold\/","title":{"rendered":"Styret for NKS-\u00d8stfold avdelingen"},"content":{"rendered":"<p><img loading=\"lazy\" decoding=\"async\" class=\"alignright size-full wp-image-12\" src=\"http:\/\/kjemi.no\/ostfold2\/wp-content\/uploads\/sites\/9\/2018\/03\/borregaard.jpg\" alt=\"\" width=\"230\" height=\"306\" srcset=\"https:\/\/kjemi.no\/ostfold\/wp-content\/uploads\/sites\/9\/2018\/03\/borregaard.jpg 230w, https:\/\/kjemi.no\/ostfold\/wp-content\/uploads\/sites\/9\/2018\/03\/borregaard-225x300.jpg 225w\" sizes=\"auto, (max-width: 230px) 100vw, 230px\" \/><\/p>\n<p>Leder: <strong>Martin Lersch<\/strong>, martin.lersch@borregaard.com<\/p>\n<p>Sekret\u00e6r: <strong>S\u00f8lve Stenmark<\/strong>, solve.stenmark@inspiria.no<\/p>\n<p>Kasserer: <strong>Birte Johanne Sjursnes<\/strong>, birte.j.sjursnes@hiof.no<\/p>\n<p>Styremedlem: <strong>Marit T\u00f8mmer\u00e5s<\/strong>, marit.tommeras@gmail.com<\/p>\n<p>Styremedlem: <strong>Jenny Wingyen Leung<\/strong>, jenny.wingyen.leung@borregaard.com<\/p>\n","protected":false},"excerpt":{"rendered":"<p>Leder: Martin Lersch, martin.lersch@borregaard.com Sekret\u00e6r: S\u00f8lve Stenmark, solve.stenmark@inspiria.no Kasserer: Birte Johanne Sjursnes, birte.j.sjursnes@hiof.no Styremedlem: Marit T\u00f8mmer\u00e5s, marit.tommeras@gmail.com Styremedlem: Jenny Wingyen Leung, jenny.wingyen.leung@borregaard.com<\/p>\n","protected":false},"author":1,"featured_media":0,"parent":0,"menu_order":0,"comment_status":"closed","ping_status":"closed","template":"","meta":{"footnotes":""},"class_list":["post-5","page","type-page","status-publish"],"_links":{"self":[{"href":"https:\/\/kjemi.no\/ostfold\/wp-json\/wp\/v2\/pages\/5","targetHints":{"allow":["GET"]}}],"collection":[{"href":"https:\/\/kjemi.no\/ostfold\/wp-json\/wp\/v2\/pages"}],"about":[{"href":"https:\/\/kjemi.no\/ostfold\/wp-json\/wp\/v2\/types\/page"}],"author":[{"embeddable":true,"href":"https:\/\/kjemi.no\/ostfold\/wp-json\/wp\/v2\/users\/1"}],"replies":[{"embeddable":true,"href":"https:\/\/kjemi.no\/ostfold\/wp-json\/wp\/v2\/comments?post=5"}],"version-history":[{"count":4,"href":"https:\/\/kjemi.no\/ostfold\/wp-json\/wp\/v2\/pages\/5\/revisions"}],"predecessor-version":[{"id":17,"href":"https:\/\/kjemi.no\/ostfold\/wp-json\/wp\/v2\/pages\/5\/revisions\/17"}],"wp:attachment":[{"href":"https:\/\/kjemi.no\/ostfold\/wp-json\/wp\/v2\/media?parent=5"}],"curies":[{"name":"wp","href":"https:\/\/api.w.org\/{rel}","templated":true}]}}