

{"id":7,"date":"2018-10-30T08:52:37","date_gmt":"2018-10-30T08:52:37","guid":{"rendered":"https:\/\/kjemi.no\/organisk2\/?page_id=7"},"modified":"2025-10-02T12:52:56","modified_gmt":"2025-10-02T12:52:56","slug":"om-faggruppen","status":"publish","type":"page","link":"https:\/\/kjemi.no\/organisk\/","title":{"rendered":"Om faggruppen"},"content":{"rendered":"<p>Faggruppens form\u00e5l er \u00e5 \u00f8ke interessen for og bidra til tverrfaglig kontakt innen feltet organisk kjemi. Faggruppen er \u00e5pen for alle NKS medlemmer med interesse for organisk kjemi.<\/p>\n<p>V\u00e5re viktigste arrangementer er <strong><a href=\"https:\/\/kjemi.no\/organisk\/organisk-kjemiske-vintermoter\/\">Organisk kjemiske vinterm\u00f8te.<\/a>\u00a0<\/strong>Frem til 2022 ble ogs\u00e5 <a href=\"https:\/\/kjemi.no\/organisk\/organisk-kjemiske-hostmoter\/\">Organisk kjemisk h\u00f8stm\u00f8te<\/a> arrangert, men FOK har besluttet \u00e5 avslutte denne m\u00f8teserien pga. lav deltakelse.<\/p>\n<p>Vi oppfordrer FOK-medlemmer til \u00e5 skrive faglige saker for bladet Kjemi. Kontakt gjerne styret hvis du har forslag til artikler i bladet Kjemi, og\/eller \u00f8nsker \u00e5 skrive et bidrag<\/p>\n<p>Styret holder hovedsakelig kontakt med sine medlemmer ved hjelp av E-mail og vi oppfordrer alle medlemmer til \u00e5 registrere riktig E-mail adresse hos NKS.<\/p>\n<p><a href=\"https:\/\/kjemi.no\/organisk\/wp-content\/uploads\/sites\/13\/2018\/10\/fok-statutter.pdf\">Faggruppens statutter<\/a> (pdf)<\/p>\n<h2>Aktuelt<\/h2>\n<p><strong><a href=\"https:\/\/www.kjemi.no\/okv39\/\">39. Organisk Kjemisk Vinterm\u00f8te, 7. &#8211; 10. januar 2026<\/a><\/strong><\/p>\n<h2>Medlemskap<\/h2>\n<p>Alle som er medlemmer av Norsk Kjemisk Selskap kan bli medlem av NKS FOK. I desember 2024 var det 351 registrerte medlemmer i faggruppen. \u00d8nsker du medlemskap i faggruppen, g\u00e5 til <a href=\"\/medlemskap\/\"> on-line innmelding <\/a> som finnes under hjemmesiden til NKS sentralt.<\/p>\n<p>Er du allerede medlem av NKS, men \u00f8nsker medlemskap i faggruppen, send en epost til medlem [at] kjemi.no med \u00f8nske om innmelding.<\/p>\n<h2>Styret i FOK<\/h2>\n<p>Etter generalforsamlingen for Faggruppen for organisk kjemi 11. januar 2025, har styret n\u00e5 f\u00f8lgende sammensetning:<\/p>\n<p>Styret er n\u00e5 konstituert med f\u00f8lgende sammensetning:<\/p>\n<p>Leder<br \/>\n<a href=\"https:\/\/www.mn.uio.no\/farmasi\/personer\/vit\/andervik\/index.html\"><b>Anders Vik<\/b>, Universitetet i Oslo<\/a><br \/>\nE-post: anders.vik(at)farmasi.uio.no<\/p>\n<p>Kasserer<br \/>\n<a href=\"https:\/\/www.uib.no\/personer\/Frida.Johanne.Rakneberg.Lundevall\"><b>Frida Johanne Rakneberg Lundvall<\/b><\/a>, UiB<br \/>\nE-post: Frida.Lundevall(at)uib.no<\/p>\n<p>Styremedlem<br \/>\n<a href=\"https:\/\/www.ntnu.no\/ansatte\/eirik.sundby\"><strong> Eirik Sundby<\/strong>, NTNU<\/a><\/p>\n<p>Styremedlem<br \/>\n<a href=\"https:\/\/en.uit.no\/ansatte\/person?p_document_id=659113\"><strong>Marius Haugland-Grange<\/strong>, UiT Norges arktiske universitet<\/a><\/p>\n<p>Styremedlem<br \/>\n<strong>Ingrid Schiager Skinnarland<\/strong>, GE Healthcare (Industrirepresentant)<\/p>\n<p>Revisor<br \/>\n<b>Rianne Harmsen, GE<\/b><\/p>\n<p>Valgkomite:<br \/>\nJens Mortansson Jelstrup Nols\u00f8e, Nord Universitet<br \/>\nMagne Sydnes, Universitetet i Stavanger<br \/>\nIngrid M. A. Eymundsson, Lilleborg (Industrirepresentant)<\/p>\n","protected":false},"excerpt":{"rendered":"<p>Faggruppens form\u00e5l er \u00e5 \u00f8ke interessen for og bidra til tverrfaglig kontakt innen feltet organisk kjemi. Faggruppen er \u00e5pen for alle NKS medlemmer med interesse for organisk kjemi. V\u00e5re viktigste arrangementer er Organisk kjemiske vinterm\u00f8te.\u00a0Frem til 2022 ble ogs\u00e5 Organisk kjemisk h\u00f8stm\u00f8te arrangert, men FOK har besluttet \u00e5 avslutte denne m\u00f8teserien pga. lav deltakelse. Vi &#8230; <a title=\"Om faggruppen\" class=\"read-more\" href=\"https:\/\/kjemi.no\/organisk\/\" aria-label=\"Read more about Om faggruppen\">Les mer<\/a><\/p>\n","protected":false},"author":1,"featured_media":0,"parent":0,"menu_order":0,"comment_status":"closed","ping_status":"closed","template":"","meta":{"footnotes":""},"class_list":["post-7","page","type-page","status-publish"],"_links":{"self":[{"href":"https:\/\/kjemi.no\/organisk\/wp-json\/wp\/v2\/pages\/7","targetHints":{"allow":["GET"]}}],"collection":[{"href":"https:\/\/kjemi.no\/organisk\/wp-json\/wp\/v2\/pages"}],"about":[{"href":"https:\/\/kjemi.no\/organisk\/wp-json\/wp\/v2\/types\/page"}],"author":[{"embeddable":true,"href":"https:\/\/kjemi.no\/organisk\/wp-json\/wp\/v2\/users\/1"}],"replies":[{"embeddable":true,"href":"https:\/\/kjemi.no\/organisk\/wp-json\/wp\/v2\/comments?post=7"}],"version-history":[{"count":43,"href":"https:\/\/kjemi.no\/organisk\/wp-json\/wp\/v2\/pages\/7\/revisions"}],"predecessor-version":[{"id":256,"href":"https:\/\/kjemi.no\/organisk\/wp-json\/wp\/v2\/pages\/7\/revisions\/256"}],"wp:attachment":[{"href":"https:\/\/kjemi.no\/organisk\/wp-json\/wp\/v2\/media?parent=7"}],"curies":[{"name":"wp","href":"https:\/\/api.w.org\/{rel}","templated":true}]}}