

{"id":36,"date":"2018-10-30T09:27:56","date_gmt":"2018-10-30T09:27:56","guid":{"rendered":"https:\/\/kjemi.no\/organisk2\/?page_id=36"},"modified":"2023-10-10T06:58:29","modified_gmt":"2023-10-10T06:58:29","slug":"organisk-kjemiske-hostmoter","status":"publish","type":"page","link":"https:\/\/kjemi.no\/organisk\/organisk-kjemiske-hostmoter\/","title":{"rendered":"Organisk Kjemiske H\u00f8stm\u00f8ter"},"content":{"rendered":"<p>Organisk Kjemiske H\u00f8stm\u00f8ter og V\u00e5rm\u00f8ter<\/p>\n<p>Organisk-kjemisk h\u00f8stm\u00f8te finner sted i oktober eller november. Dette m\u00f8tet arrangeres som et en dags seminar i Oslo. H\u00f8stm\u00f8tet ble f\u00f8rste gang arrangert i 1995. Oppslutningen om dette m\u00f8tet har v\u00e6rt meget god, ofte med 50 &#8211; 80 deltagere. Enkelte \u00e5r har det ogs\u00e5 blitt arrangert endags symposier om v\u00e5ren (Organisk Kjemisk V\u00e5rm\u00f8te).<\/p>\n<p>Styret i FOK oppfordrer medlemmene til \u00e5 foresl\u00e5 temaer og foredragsholdere til fremtidige h\u00f8stm\u00f8ter.<\/p>\n<p><strong>Tidligere Organisk Kjemiske H\u00f8stm\u00f8ter og V\u00e5rm\u00f8ter<\/strong><\/p>\n<p><strong>2023 &#8211; <\/strong>Meeting was cancelled (insufiicient registered participants)<\/p>\n<p><b>2022 &#8211; OKH25<\/b> <i>New methods and applications for organic synthesis.<\/i> Christiania Qvartalet M\u00f8tesenter, Oslo. <a href=\"\/okh-arkiv\/OKH2022.pdf\">Program<\/a><\/p>\n<p><b>2021 &#8211; OKH24<\/b> Digital meeting (pandemic). <a href=\"\/okh-arkiv\/OKH2021.pdf\">Program<\/a><\/p>\n<p><b>2020<\/b> No meeting was organized this year (pandemic).<\/p>\n<p><b>2019 &#8211; OKH23<\/b> <i>New methods and tools in organic synthesis and medicinal chemistry.<\/i> Christiania Qvartalet M\u00f8tesenter, Oslo. <a href=\"\/okh-arkiv\/OKH2019.pdf\">Program<\/a><\/p>\n<p><b>2018 &#8211; OKH22<\/b> OKH part of Landsm\u00f8tet i Kjemi, Norges Varemesse, Lillestr\u00f8m. <a href=\"\/okh-arkiv\/OKH2018.pdf\">Program<\/a><\/p>\n<p><b>2017 &#8211; OKH21<\/b> <i>Selective Synthesis in Chemical Biology.<\/i> Christiania Qvartalet M\u00f8tesenter, Oslo. <a href=\"\/okh-arkiv\/OKH2017.pdf\">Program<\/a><\/p>\n<p><b>2016 &#8211; OKH20<\/b> <i>New Trends, Topics and Methods in Organic Chemistry.<\/i> Christiania Qvartalet M\u00f8tesenter, Oslo. <a href=\"\/okh-arkiv\/OKH2016.pdf\">Program<\/a><\/p>\n<p><b>2015 &#8211; OKH19<\/b> <i>New synthetic organic chemistry, reactive intermediates and drug development.<\/i> Christiania Qvartalet M\u00f8tesenter, Oslo. <a href=\"\/okh-arkiv\/OKH2015.pdf\">Program<\/a><\/p>\n<p><b>2014 &#8211; OKH18<\/b> OKH part of Landsm\u00f8tet i Kjemi, Norges Varemesse, Lillestr\u00f8m. <a href=\"\/okh-arkiv\/OKH2014.pdf\">Program<\/a><\/p>\n<p><b>2013 &#8211; OKH17<\/b> <i>Novel Methods and Catalytic Reactions in Organic Chemistry. <\/i>Christiania Qvartalet M\u00f8tesenter, Oslo. <a href=\"\/okh-arkiv\/OKH2013.pdf\">Program<\/a><\/p>\n<p><b>2012 &#8211; OKH16<\/b> <i>Organic Chemistry in Bioprospecting and Molecular Gastronomy.<\/i> Christiania Qvartalet M\u00f8tesenter, Oslo. <a href=\"\/okh-arkiv\/OKH2012.pdf\">Program<\/a><\/p>\n<p><b>2011 &#8211; OKH15<\/b> OKH part of Landsm\u00f8tet i Kjemi, Norges Varemesse, Lillestr\u00f8m. <a href=\"\/okh-arkiv\/OKH2011.pdf\">Program<\/a><\/p>\n<p><b>2010<\/b> OKH was not organized as a separate event this year since the 18th International Conference on Organic Synthesis (ICOS-18) was organized in Bergen August 1st-6th.<\/p>\n<p><b>2009 &#8211; OKH14<\/b> <i>Green Organic Chemistry.<\/i> Ingeni\u00f8renes Hus, Oslo. <a href=\"\/okh-arkiv\/OKH2009.pdf\">Program<\/a><\/p>\n<p><b>2008 &#8211; OKH13<\/b> <i>Advanced Organic Materials.<\/i> Ingeni\u00f8renes Hus, Oslo. <a href=\"\/okh-arkiv\/OKH2008.pdf\">Program<\/a><\/p>\n<p><b>2007 &#8211; OKH12<\/b> <i>Organofluorine Chemistry.<\/i> Ingeni\u00f8renes Hus, Oslo.<a href=\"\/okh-arkiv\/OKH2007.pdf\">Program<\/a><\/p>\n<p><b>2006 &#8211; OKH11<\/b> <i>Organocatalysis.<\/i> Radisson SAS Airport Hotel, Gardermoen. <a href=\"\/okh-arkiv\/OKH2006.pdf\">Program<\/a><\/p>\n<p><b>2005 &#8211; OKH10<\/b> <i>New Trends in Organic and Organometallic Chemistry. <\/i>Ingeni\u00f8renes Hus, Oslo. <a href=\"\/okh-arkiv\/OKH2005.pdf\">Program<\/a><\/p>\n<p><b>2004 &#8211; OKH9<\/b> <i>New Technologies in Organic Synthesis. <\/i>Norges Varemesse, Lillestr\u00f8m. (Part of Det 17. Landsm\u00f8te i Kjemi). <a href=\"\/okh-arkiv\/OKH2004.pdf\">Program<\/a><\/p>\n<p><b>2003 &#8211; OKH8<\/b> <i>New Trends in Bioorganic and Medicinal Chemistry. <\/i>Ingeni\u00f8renes Hus, Oslo. <a href=\"\/okh-arkiv\/OKH2003.pdf\">Program<\/a><\/p>\n<p><b>2002 &#8211; OKH7<\/b> <i>New Trends in Heterocyclic Chemistry.<\/i> Ingeni\u00f8renes Hus, Oslo.<\/p>\n<p><b>2001 &#8211; OKV2<\/b> <i>Asymmetric Synthesis.<\/i> Ingeni\u00f8renes Hus, Oslo.<\/p>\n<p><b>2000 &#8211; OKH6<\/b> <i>Development of Industrial Syntheses.<\/i> Ingeni\u00f8renes Hus, Oslo.<\/p>\n<p><b>2000 &#8211; OKV1<\/b> <i>Application of Phase Transfer Catalysis (PTC) and Solvent Selection in Synthesis of Pharmaceutical Chemicals.<\/i> Ingeni\u00f8renes Hus, Oslo.<\/p>\n<p><b>1999 &#8211; OKH5<\/b> <i>Development of New Drugs.<\/i> Ingeni\u00f8renes Hus, Oslo.<\/p>\n<p><b>1998 &#8211; OKH4<\/b> <i>New Trends in Organic and Medicinal Chemistry.<\/i> Nycomed Imaging, Oslo.<\/p>\n<p><b>1997 &#8211; OKH3<\/b> <i>Research and Development in the Pharmaceutical Industry.<\/i> Nycomed Imaging, Oslo.<\/p>\n<p><b>1996 &#8211; OKH2<\/b> <i>Nye trender i organisk syntese.<\/i> Nycomed Imaging, Oslo.<\/p>\n<p><b>1995 &#8211; OKH1<\/b> <i>Legemidler fra id\u00e9 til produkt.<\/i> Nycomed Imaging, Oslo.<\/p>\n","protected":false},"excerpt":{"rendered":"<p>Organisk Kjemiske H\u00f8stm\u00f8ter og V\u00e5rm\u00f8ter Organisk-kjemisk h\u00f8stm\u00f8te finner sted i oktober eller november. Dette m\u00f8tet arrangeres som et en dags seminar i Oslo. H\u00f8stm\u00f8tet ble f\u00f8rste gang arrangert i 1995. Oppslutningen om dette m\u00f8tet har v\u00e6rt meget god, ofte med 50 &#8211; 80 deltagere. Enkelte \u00e5r har det ogs\u00e5 blitt arrangert endags symposier om v\u00e5ren &#8230; <a title=\"Organisk Kjemiske H\u00f8stm\u00f8ter\" class=\"read-more\" href=\"https:\/\/kjemi.no\/organisk\/organisk-kjemiske-hostmoter\/\" aria-label=\"Read more about Organisk Kjemiske H\u00f8stm\u00f8ter\">Les mer<\/a><\/p>\n","protected":false},"author":1,"featured_media":0,"parent":0,"menu_order":0,"comment_status":"closed","ping_status":"closed","template":"","meta":{"footnotes":""},"class_list":["post-36","page","type-page","status-publish"],"_links":{"self":[{"href":"https:\/\/kjemi.no\/organisk\/wp-json\/wp\/v2\/pages\/36","targetHints":{"allow":["GET"]}}],"collection":[{"href":"https:\/\/kjemi.no\/organisk\/wp-json\/wp\/v2\/pages"}],"about":[{"href":"https:\/\/kjemi.no\/organisk\/wp-json\/wp\/v2\/types\/page"}],"author":[{"embeddable":true,"href":"https:\/\/kjemi.no\/organisk\/wp-json\/wp\/v2\/users\/1"}],"replies":[{"embeddable":true,"href":"https:\/\/kjemi.no\/organisk\/wp-json\/wp\/v2\/comments?post=36"}],"version-history":[{"count":5,"href":"https:\/\/kjemi.no\/organisk\/wp-json\/wp\/v2\/pages\/36\/revisions"}],"predecessor-version":[{"id":225,"href":"https:\/\/kjemi.no\/organisk\/wp-json\/wp\/v2\/pages\/36\/revisions\/225"}],"wp:attachment":[{"href":"https:\/\/kjemi.no\/organisk\/wp-json\/wp\/v2\/media?parent=36"}],"curies":[{"name":"wp","href":"https:\/\/api.w.org\/{rel}","templated":true}]}}