

{"id":26,"date":"2018-10-30T09:14:38","date_gmt":"2018-10-30T09:14:38","guid":{"rendered":"https:\/\/kjemi.no\/organisk2\/?page_id=26"},"modified":"2026-01-22T08:42:34","modified_gmt":"2026-01-22T08:42:34","slug":"organisk-kjemiske-vintermoter","status":"publish","type":"page","link":"https:\/\/kjemi.no\/organisk\/organisk-kjemiske-vintermoter\/","title":{"rendered":"Organisk Kjemiske Vinterm\u00f8ter"},"content":{"rendered":"<p>Organisk-kjemisk vinterm\u00f8te finner sted i l\u00f8pet av den f\u00f8rste eller andre uken av januar hvert \u00e5r. En av faggruppens viktigste oppgaver er \u00e5 peke ut neste \u00e5rs arrang\u00f8r. Arrang\u00f8ren st\u00e5r fritt n\u00e5r det gjelder det faglige innhold og praktiske detaljer vedr\u00f8rende arrangementet. Disse m\u00f8tene har v\u00e6rt meget popul\u00e6re med mer enn 120 deltagere mange av de siste \u00e5rene. Under finner du en liste over tidlige Organisk-kjemiske vinterm\u00f8ter og hovedansvarlige for arrangementet.<\/p>\n<h2>Organisk Kjemiske Vinterm\u00f8ter &#8211; oversikt<\/h2>\n<p><b>\u00c5r <\/b> <i> Sted <\/i> | Hovedansvarlig, Institusjon<\/p>\n<p><strong>2026<\/strong> Skeikampen | Professor Mats Tilset, UiO, <a href=\"https:\/\/www.kjemi.no\/okv39\/\">Nettside<\/a><\/p>\n<p><strong>2025<\/strong> Skeikampen | Professor Magne Olav Sydnes, UiB, <a href=\"https:\/\/www.kjemi.no\/okv38\/\">Nettside<\/a><\/p>\n<p><strong>2024<\/strong> Skeikampen | Professor J\u00f8rn H. Hansen, UiT, <a href=\"https:\/\/www.kjemi.no\/okv37\/\">Nettside<\/a><\/p>\n<p><strong>2023<\/strong>\u00a0Skeikampen | F\u00f8rsteamanuensis Anders Vik, UiO, <a href=\"https:\/\/www.kjemi.no\/okv36\/\">Nettside<\/a><\/p>\n<p><strong>2022<\/strong> Vinterm\u00f8tet ble avlyst pga Covid-19<\/p>\n<p><strong>2021<\/strong> Vinterm\u00f8tet ble avlyst pga Covid-19<\/p>\n<p><strong>2020<\/strong> Skeikampen | Professor Yngve H. Stenstr\u00f8m, NMBU, <a href=\"https:\/\/www.kjemi.no\/okv35\/\">Nettside<\/a><\/p>\n<p><b>2019\u00a0<\/b><i>Skeikampen <\/i> | Professor Leiv K. Sydnes, Universitetet i Bergen. <a href=\"https:\/\/kjemi.no\/okv34\/\">Nettside<\/a><\/p>\n<p><b>2018\u00a0<\/b><i>Skeikampen <\/i> | Professor B\u00e5rd Helge Hoff, NTNU. <a href=\"https:\/\/kjemi.no\/organisk-arkiv\/okv33\/\">Nettside<\/a><\/p>\n<p><b>2017 <\/b> <i> Skeikampen <\/i> | F\u00f8rsteamanuensis Mohamed Amedjkouh, Universitetet i Oslo. <a href=\"https:\/\/kjemi.no\/organisk-arkiv\/okv32\/\">Nettside<\/a><\/p>\n<p><b>2016 <\/b> <i> Skeikampen <\/i> | F\u00f8rsteamanuensis Annette Bayer, Universitetet i Troms\u00f8. <a href=\"http:\/\/kjemi.no\/organisk-arkiv\/okv31\/\">Nettside<\/a><\/p>\n<p><b>2015 <\/b> <i> Skeikampen <\/i> | F\u00f8rsteamanuensis K\u00e5re B. J\u00f8rgensen, Universitetet i Stavanger. <a href=\"http:\/\/kjemi.no\/organisk-arkiv\/okv30\/\">Nettside<\/a><\/p>\n<p><b>2014 <\/b> <i> Skeikampen <\/i> | F\u00f8rsteamanuensis P\u00e5l Rongved, Universitetet i Oslo.\u00a0\u00a0<a href=\"http:\/\/kjemi.no\/organisk-arkiv\/okv29\/\">Nettside<\/a><\/p>\n<p><b>2013 <\/b> <i> Skeikampen <\/i> | F\u00f8rsteamanuensis Bengt Erik Haug, Universitetet i Bergen<\/p>\n<p><b>2012 <\/b> <i> Skeikampen <\/i> | F\u00f8rsteamanuensis Odd Reidar Gautun , NTNU<\/p>\n<p><b>2011 <\/b> <i> Skeikampen <\/i> | F\u00f8rsteamanuensis Tore Hansen, Universitetet i Oslo.\u00a0\u00a0<a href=\"http:\/\/kjemi.no\/organisk-arkiv\/okv26\/\">Nettside<\/a><\/p>\n<p><b>2010 <\/b> <i> Fefor <\/i> | Professor Rolf Carlson, Universitetet i Troms\u00f8<\/p>\n<p><b>2009 <\/b> <i> Skeikampen <\/i> | F\u00f8rsteamanuensis Trond Vidar Hansen, Universitetet i Oslo<\/p>\n<p><b>2008 <\/b> <i> Geilo <\/i> | Professor Leiv Sydnes, Universitetet i Bergen<\/p>\n<p><b>2007 <\/b> <i> R\u00f8ros <\/i> | Professor Thorleif Anthonsen, NTNU<\/p>\n<p><b>2006 <\/b> <i> Skeikampen <\/i> | Professor Frode Rise, Universitetet i Oslo.\u00a0\u00a0\u00a0<a href=\"http:\/\/kjemi.no\/organisk-arkiv\/okv21\/\">Nettside<\/a><\/p>\n<p><b>2005 <\/b> <i> Skeikampen <\/i> | Professor Yngve Stenstr\u00f8m, Norges Landbruksh\u00f8gskole<\/p>\n<p><b>2004 <\/b> <i>R\u00f8ros <\/i> | Professor Anne Fiksdahl, NTNU<\/p>\n<p><b>2003 <\/b> <i> Fefor <\/i> | F\u00f8rsteamanuensis Tore Lejon, Universitetet i Troms\u00f8<\/p>\n<p><b>2002 <\/b> <i> Beito <\/i> | Professor Mats Tilset, Universitetet i Oslo<\/p>\n<p><b>2001 <\/b> <i> Beito <\/i> | F\u00f8rsteamanuensis Hans Ren\u00e9 Bj\u00f8rsvik, Universitetet i Bergen<\/p>\n<p><b>2000 <\/b> <i> Geilo<\/i> | Professor Kjell Undheim, Universitetet i Oslo<\/p>\n<p><b>1999 <\/b> <i>Geilo <\/i> | Professor Per Carlsen, NTNU<\/p>\n<p><b>1998 <\/b> <i>Fefor <\/i> | Professor Rolf Carlson, Universitetet i Troms\u00f8<\/p>\n<p><b>1997 <\/b> <i>Fefor <\/i> | Forskningssjef Odd I. Eriksen, SINTEF kjemi, Oslo<\/p>\n<p><b>1996 <\/b> <i> Fefor <\/i> | Professor Leiv K. Sydnes, Universitetet i Bergen<\/p>\n<p><b>1995 <\/b> <i> Fefor <\/i> | Professor Per Kolsaker, Universitetet i Oslo<\/p>\n<p><b>1994 <\/b> <i>Fefor <\/i> | Professor Thorleif Anthonsen, Universitetet i Trondheim-AVH<\/p>\n<p><b>1993 <\/b> <i> Beito <\/i> | F\u00f8rsteamanuensis Yngve Stenstr\u00f8m, Norges Landbruksh\u00f8gskole<\/p>\n<p><b>1992 <\/b> <i> Beito <\/i> | Professor Leiv K. Sydnes, Universitetet i Troms\u00f8<\/p>\n<p><b>1991 <\/b> <i>Beito<\/i> | Professor Arne J\u00f8rgen Aasen, Universitetet i Oslo<\/p>\n<p><b>1990 <\/b> <i> Oppdal <\/i> | Professor Jan Bakke, Universitetet i Trondheim-NTH<\/p>\n<p><b>1989 <\/b> <i> Gausdal <\/i> | F\u00f8rsteamanuensis Knut Bergesen, Universitetet i Bergen<\/p>\n<p><b>1988 <\/b> <i> Gausdal <\/i> | Professor Leiv K. Sydnes, Universitetet i Troms\u00f8<\/p>\n<p><b>1987 <\/b> <i>Fefor <\/i> | F\u00f8rsteamanuensis Jan Skramstad, Universitetet i Oslo<\/p>\n<p><b>1986 <\/b> <i> Bjorli <\/i> | Professor Thorleif Anthonsen, Universitetet i Trondheim-AVH<\/p>\n","protected":false},"excerpt":{"rendered":"<p>Organisk-kjemisk vinterm\u00f8te finner sted i l\u00f8pet av den f\u00f8rste eller andre uken av januar hvert \u00e5r. En av faggruppens viktigste oppgaver er \u00e5 peke ut neste \u00e5rs arrang\u00f8r. Arrang\u00f8ren st\u00e5r fritt n\u00e5r det gjelder det faglige innhold og praktiske detaljer vedr\u00f8rende arrangementet. Disse m\u00f8tene har v\u00e6rt meget popul\u00e6re med mer enn 120 deltagere mange av &#8230; <a title=\"Organisk Kjemiske Vinterm\u00f8ter\" class=\"read-more\" href=\"https:\/\/kjemi.no\/organisk\/organisk-kjemiske-vintermoter\/\" aria-label=\"Read more about Organisk Kjemiske Vinterm\u00f8ter\">Les mer<\/a><\/p>\n","protected":false},"author":1,"featured_media":0,"parent":0,"menu_order":0,"comment_status":"closed","ping_status":"closed","template":"","meta":{"footnotes":""},"class_list":["post-26","page","type-page","status-publish"],"_links":{"self":[{"href":"https:\/\/kjemi.no\/organisk\/wp-json\/wp\/v2\/pages\/26","targetHints":{"allow":["GET"]}}],"collection":[{"href":"https:\/\/kjemi.no\/organisk\/wp-json\/wp\/v2\/pages"}],"about":[{"href":"https:\/\/kjemi.no\/organisk\/wp-json\/wp\/v2\/types\/page"}],"author":[{"embeddable":true,"href":"https:\/\/kjemi.no\/organisk\/wp-json\/wp\/v2\/users\/1"}],"replies":[{"embeddable":true,"href":"https:\/\/kjemi.no\/organisk\/wp-json\/wp\/v2\/comments?post=26"}],"version-history":[{"count":31,"href":"https:\/\/kjemi.no\/organisk\/wp-json\/wp\/v2\/pages\/26\/revisions"}],"predecessor-version":[{"id":264,"href":"https:\/\/kjemi.no\/organisk\/wp-json\/wp\/v2\/pages\/26\/revisions\/264"}],"wp:attachment":[{"href":"https:\/\/kjemi.no\/organisk\/wp-json\/wp\/v2\/media?parent=26"}],"curies":[{"name":"wp","href":"https:\/\/api.w.org\/{rel}","templated":true}]}}