

{"id":76,"date":"2023-12-28T12:14:14","date_gmt":"2023-12-28T11:14:14","guid":{"rendered":"https:\/\/kjemi.no\/krystallografi\/?page_id=76"},"modified":"2023-12-28T12:15:59","modified_gmt":"2023-12-28T11:15:59","slug":"76-2","status":"publish","type":"page","link":"https:\/\/kjemi.no\/krystallografi\/76-2\/","title":{"rendered":"Vedtekter"},"content":{"rendered":"<p>Vedtekter for Norsk Kjemisk Selskaps faggruppe for krystallografi og strukturkjemi<\/p>\n<p>\u00a71 Navn<br \/>\nFaggruppens navn er Norsk Kjemisk Selskaps faggruppe for krystallografi og strukturkjemi.<\/p>\n<p>\u00a72 Form\u00e5l<br \/>\nFaggruppens form\u00e5l er \u00e5 \u00f8ke interessen for og bidra til tverrfaglig kontakt innen feltet krystallografi. Faggruppen er et bindeledd til tilsvarende organisasjoner i andre land, og representerer Norge i International Union of Crystallography (IUCr) og European Crystallographic Association (ECA).<\/p>\n<p>\u00a73 Organisasjon og ledelse<br \/>\nFaggruppen er en landsomfattende faggruppe under Norsk Kjemisk Selskap (NKS). Den er ledet av et styre som er underlagt hovedstyret, og lederen for faggruppen er medlem av r\u00e5det i NKS. Faggruppen er ansvarlig for Norges medlemskap i IUCr og ECA. (Adhering body).<\/p>\n<p>\u00a74 Medlemskap<br \/>\nAlle medlemmer i NKS med interesse for krystallografi og strukturkjemi kan bli medlem av faggruppen.<\/p>\n<p>\u00a75 Styrets sammensetning<\/p>\n<p style=\"padding-left: 40px;\">a) Styremedlemmene m\u00e5 v\u00e6re medlem av NKS.<br \/>\nb) Styret b\u00f8r ha en slik sammensetning at de ulike fagomr\u00e5dene innen krystallografi og strukturkjemi er representert.<br \/>\nc) Styret best\u00e5r av leder, nestleder, kasserer, sekret\u00e6r og to styremedlemmer.<br \/>\nd) Hvert styremedlem b\u00f8r sitte i minst 2 \u00e5r.<\/p>\n<p>\u00a76 Styrets oppgaver<\/p>\n<p style=\"padding-left: 40px;\">a) \u00c5 holde fagmilj\u00f8ene innen krystallografi oppdatert om IUCr og ECA aktiviteter og legge til rette for symposier og m\u00f8ter innen krystallografi.<br \/>\nb) \u00c5 v\u00e6re nasjonal komite for Norges medlemskap i IUCr<br \/>\nc) \u00c5 utpekte og sende norsk representant til generalforsamlingene i IUCr og ECA.<br \/>\nd) \u00c5 holde tidsskriftet \u00abKjemi\u00bb orientert om virksomheten<br \/>\ne) \u00c5 legge frem \u00e5rsberetning om faggruppens virksomhet og revidert regnskap for generalforsamlingen i faggruppen og for hovedstyret.<br \/>\nf) \u00c5 utarbeide forslag til nytt styre i faggruppen. Forslaget legges frem for \u00e5rsm\u00f8tet.<br \/>\ng) \u00c5 innkalle til generalforsamling i faggruppen med minst to ukers varsel.<\/p>\n<p>\u00a77 Generalforsamlingens sammensetning og oppgaver<br \/>\nGeneralforsamlingen best\u00e5r av medlemmer av faggruppen. Generalforsamlingen godkjenner \u00e5rsberetning og regnskap for videre forsendelse til hovedstyret og r\u00e5det, og velger styremedlemmer.<\/p>\n<p>\u00a78 Vedtektsendringer<br \/>\nForslag til vedtektsendringer sendes til styret som legger disse fram for generalforsamlingen. Endringer i vedtektene behandles av generalforsamlingen og sendes til endelig godkjenning av hovedstyret i NKS.<\/p>\n<p>\u00a79 Oppl\u00f8sning<br \/>\nFaggruppen kan oppl\u00f8ses av r\u00e5det med 2\/3 flertall. Ved oppl\u00f8sning tilfaller faggruppens midler NKS.<\/p>\n<p>&nbsp;<\/p>\n","protected":false},"excerpt":{"rendered":"<p>Vedtekter for Norsk Kjemisk Selskaps faggruppe for krystallografi og strukturkjemi \u00a71 Navn Faggruppens navn er Norsk Kjemisk Selskaps faggruppe for krystallografi og strukturkjemi. \u00a72 Form\u00e5l Faggruppens form\u00e5l er \u00e5 \u00f8ke interessen for og bidra til tverrfaglig kontakt innen feltet krystallografi. Faggruppen er et bindeledd til tilsvarende organisasjoner i andre land, og representerer Norge i International &#8230; <a title=\"Vedtekter\" class=\"read-more\" href=\"https:\/\/kjemi.no\/krystallografi\/76-2\/\" aria-label=\"Read more about Vedtekter\">Les mer<\/a><\/p>\n","protected":false},"author":1,"featured_media":0,"parent":0,"menu_order":0,"comment_status":"closed","ping_status":"closed","template":"","meta":{"footnotes":""},"class_list":["post-76","page","type-page","status-publish"],"_links":{"self":[{"href":"https:\/\/kjemi.no\/krystallografi\/wp-json\/wp\/v2\/pages\/76","targetHints":{"allow":["GET"]}}],"collection":[{"href":"https:\/\/kjemi.no\/krystallografi\/wp-json\/wp\/v2\/pages"}],"about":[{"href":"https:\/\/kjemi.no\/krystallografi\/wp-json\/wp\/v2\/types\/page"}],"author":[{"embeddable":true,"href":"https:\/\/kjemi.no\/krystallografi\/wp-json\/wp\/v2\/users\/1"}],"replies":[{"embeddable":true,"href":"https:\/\/kjemi.no\/krystallografi\/wp-json\/wp\/v2\/comments?post=76"}],"version-history":[{"count":4,"href":"https:\/\/kjemi.no\/krystallografi\/wp-json\/wp\/v2\/pages\/76\/revisions"}],"predecessor-version":[{"id":80,"href":"https:\/\/kjemi.no\/krystallografi\/wp-json\/wp\/v2\/pages\/76\/revisions\/80"}],"wp:attachment":[{"href":"https:\/\/kjemi.no\/krystallografi\/wp-json\/wp\/v2\/media?parent=76"}],"curies":[{"name":"wp","href":"https:\/\/api.w.org\/{rel}","templated":true}]}}