

{"id":74,"date":"2023-12-28T12:11:50","date_gmt":"2023-12-28T11:11:50","guid":{"rendered":"https:\/\/kjemi.no\/krystallografi\/?page_id=74"},"modified":"2023-12-28T12:11:50","modified_gmt":"2023-12-28T11:11:50","slug":"styret","status":"publish","type":"page","link":"https:\/\/kjemi.no\/krystallografi\/styret\/","title":{"rendered":"Styret"},"content":{"rendered":"<p>Leder: Hans-Petter Hersleth, UiO<br \/>\nNestleder: David Wragg, IFE<br \/>\nKasserer: \u00d8ystein Slagtern Fjellv\u00e5g, IFE<br \/>\nSekret\u00e6r: Amund Ruud, NIOM<br \/>\nStyremedlem: Richard Engh, UiT<br \/>\nStyremedlem: Ute Krengel, UiO<\/p>\n","protected":false},"excerpt":{"rendered":"<p>Leder: Hans-Petter Hersleth, UiO Nestleder: David Wragg, IFE Kasserer: \u00d8ystein Slagtern Fjellv\u00e5g, IFE Sekret\u00e6r: Amund Ruud, NIOM Styremedlem: Richard Engh, UiT Styremedlem: Ute Krengel, UiO<\/p>\n","protected":false},"author":1,"featured_media":0,"parent":0,"menu_order":0,"comment_status":"closed","ping_status":"closed","template":"","meta":{"footnotes":""},"class_list":["post-74","page","type-page","status-publish"],"_links":{"self":[{"href":"https:\/\/kjemi.no\/krystallografi\/wp-json\/wp\/v2\/pages\/74","targetHints":{"allow":["GET"]}}],"collection":[{"href":"https:\/\/kjemi.no\/krystallografi\/wp-json\/wp\/v2\/pages"}],"about":[{"href":"https:\/\/kjemi.no\/krystallografi\/wp-json\/wp\/v2\/types\/page"}],"author":[{"embeddable":true,"href":"https:\/\/kjemi.no\/krystallografi\/wp-json\/wp\/v2\/users\/1"}],"replies":[{"embeddable":true,"href":"https:\/\/kjemi.no\/krystallografi\/wp-json\/wp\/v2\/comments?post=74"}],"version-history":[{"count":1,"href":"https:\/\/kjemi.no\/krystallografi\/wp-json\/wp\/v2\/pages\/74\/revisions"}],"predecessor-version":[{"id":75,"href":"https:\/\/kjemi.no\/krystallografi\/wp-json\/wp\/v2\/pages\/74\/revisions\/75"}],"wp:attachment":[{"href":"https:\/\/kjemi.no\/krystallografi\/wp-json\/wp\/v2\/media?parent=74"}],"curies":[{"name":"wp","href":"https:\/\/api.w.org\/{rel}","templated":true}]}}