

{"id":2,"date":"2023-12-20T17:20:50","date_gmt":"2023-12-20T16:20:50","guid":{"rendered":"https:\/\/kjemi.no\/krystallografi\/?page_id=2"},"modified":"2026-02-17T22:55:43","modified_gmt":"2026-02-17T21:55:43","slug":"testside","status":"publish","type":"page","link":"https:\/\/kjemi.no\/krystallografi\/","title":{"rendered":"Om faggruppa"},"content":{"rendered":"<p>Faggruppas form\u00e5l er \u00e5 \u00f8ke interessen for og bidra til tverrfaglig kontakt innen krystallografi og strukturkjemi. Faggruppen er et bindeledd til tilsvarende organisasjoner i andre land, og representerer Norge i International Union of Crystallography (IUCr) og European Crystallographic Association (ECA).<\/p>\n<p>Faggruppe for krystallografi og strukturkjemi ble opprettet i 2023.<\/p>\n<h3>Innmelding<\/h3>\n<p>Allerede medlem av NKS? Send en epost til <a href=\"mailto:medlem@kjemi.no\">medlem@kjemi.no<\/a> og skriv at du vil bli medlem av faggruppa.<\/p>\n<p>Ikke medlem av NKS? <a href=\"https:\/\/kjemi.no\/medlemskap\/\">Meld deg inn i NKS<\/a> og kryss av for \u00abFaggruppe for krystallografi og strukturkjemi\u00bb.<\/p>\n<h3>Kontakt<\/h3>\n<p>Hans-Petter Hersleth, UiO. E-post: <a href=\"mailto:h.p.hersleth@ibv.uio.no\">h.p.hersleth@ibv.uio.no<\/a>.<\/p>\n<p>&nbsp;<\/p>\n<p>&nbsp;<\/p>\n","protected":false},"excerpt":{"rendered":"<p>Faggruppas form\u00e5l er \u00e5 \u00f8ke interessen for og bidra til tverrfaglig kontakt innen krystallografi og strukturkjemi. Faggruppen er et bindeledd til tilsvarende organisasjoner i andre land, og representerer Norge i International Union of Crystallography (IUCr) og European Crystallographic Association (ECA). Faggruppe for krystallografi og strukturkjemi ble opprettet i 2023. Innmelding Allerede medlem av NKS? Send &#8230; <a title=\"Om faggruppa\" class=\"read-more\" href=\"https:\/\/kjemi.no\/krystallografi\/\" aria-label=\"Read more about Om faggruppa\">Les mer<\/a><\/p>\n","protected":false},"author":1,"featured_media":0,"parent":0,"menu_order":0,"comment_status":"closed","ping_status":"open","template":"","meta":{"footnotes":""},"class_list":["post-2","page","type-page","status-publish"],"_links":{"self":[{"href":"https:\/\/kjemi.no\/krystallografi\/wp-json\/wp\/v2\/pages\/2","targetHints":{"allow":["GET"]}}],"collection":[{"href":"https:\/\/kjemi.no\/krystallografi\/wp-json\/wp\/v2\/pages"}],"about":[{"href":"https:\/\/kjemi.no\/krystallografi\/wp-json\/wp\/v2\/types\/page"}],"author":[{"embeddable":true,"href":"https:\/\/kjemi.no\/krystallografi\/wp-json\/wp\/v2\/users\/1"}],"replies":[{"embeddable":true,"href":"https:\/\/kjemi.no\/krystallografi\/wp-json\/wp\/v2\/comments?post=2"}],"version-history":[{"count":19,"href":"https:\/\/kjemi.no\/krystallografi\/wp-json\/wp\/v2\/pages\/2\/revisions"}],"predecessor-version":[{"id":123,"href":"https:\/\/kjemi.no\/krystallografi\/wp-json\/wp\/v2\/pages\/2\/revisions\/123"}],"wp:attachment":[{"href":"https:\/\/kjemi.no\/krystallografi\/wp-json\/wp\/v2\/media?parent=2"}],"curies":[{"name":"wp","href":"https:\/\/api.w.org\/{rel}","templated":true}]}}