

{"id":5,"date":"2018-10-13T11:15:15","date_gmt":"2018-10-13T11:15:15","guid":{"rendered":"http:\/\/kjemi.no\/katalyse2\/?page_id=5"},"modified":"2022-09-13T08:06:54","modified_gmt":"2022-09-13T08:06:54","slug":"hjem","status":"publish","type":"page","link":"https:\/\/kjemi.no\/katalyse\/","title":{"rendered":"Om faggruppa"},"content":{"rendered":"<p><img loading=\"lazy\" decoding=\"async\" class=\"size-medium wp-image-54 alignright\" src=\"https:\/\/kjemi.no\/katalyse2\/wp-content\/uploads\/sites\/12\/2018\/10\/katalyse-rein-300x263.png\" alt=\"\" width=\"300\" height=\"263\" srcset=\"https:\/\/kjemi.no\/katalyse\/wp-content\/uploads\/sites\/12\/2018\/10\/katalyse-rein-300x263.png 300w, https:\/\/kjemi.no\/katalyse\/wp-content\/uploads\/sites\/12\/2018\/10\/katalyse-rein.png 533w\" sizes=\"auto, (max-width: 300px) 100vw, 300px\" \/>&#8220;Faggruppe for katalyse&#8221; ble opprettet i 1990 og dekker fagomr\u00e5dene homogen og heterogen katalyse, reaktorteknologi, metallorganisk kjemi og metall-komplekskjemi. Form\u00e5let til gruppen er \u00e5 \u00f8ke interessen for og bidra til tverrfaglig kontakt mellom omr\u00e5dene nevnt ovenfor. Faggruppen er landsomfattende, og alle med interesse for denne virksomheten kan bli medlemmer.<\/p>\n<p><strong>Kontakt oss!<\/strong><br \/>\nSend en epost til leder, hilde.j.venvik [at] ntnu.no<\/p>\n<h2>\u00c5rsm\u00f8te og katalysesymposium<\/h2>\n<p>Den viktigste aktiviteten er det \u00e5rlige \u00e5rsm\u00f8tet og katalysesymposiet. Dette er den eneste faglige m\u00f8teplassen for alle innen fagomr\u00e5det i Norge. Her presenteres p\u00e5g\u00e5ende forskningsaktivitet og industriell virksomhet. M\u00f8tet avholdes stort sett hvert \u00e5r, vanligvis om h\u00f8sten, og samler de fleste i Norge med tilknytning til faget. Symposiet varer 1-2 dager og det er vanlig \u00e5 ha en invitert utenlandsk foredragsholder med.<\/p>\n<h2>Medlemskap<\/h2>\n<p>Faggruppen har omlag 100 registrerte medlemmer. Medlemsskap i NKS gir rett til medlemsskap i en av faggruppene. Du kan melde deg inn via\u00a0<a href=\"https:\/\/www.kjemi.no\/medlemskap\/\">NKS&#8217; innmeldingsskjema.<\/a>\u00a0 Kryss av for &#8220;Faggruppe for Katalyse&#8221;. Hvis du allerede er medlem i NKS, men \u00f8nsker \u00e5 bli medlem av faggruppen, s\u00e5 send en epost til\u00a0<a href=\"mailto:medlem@kjemi.no\">medlem@kjemi.no\u00a0<\/a>med beskjed om du \u00f8nsker medlemskap i faggruppen for katalyse.<\/p>\n<h2>Priser for beste doktorgrad<\/h2>\n<ul>\n<li style=\"list-style-type: none\"><\/li>\n<li>2021: Dimitrios Pappas fra UiO vant <em>EFCATS Best PhD Thesis Awards 2021<\/em> for avhandlingen &#8220;Direct methane to methanol conversion over Cu-exchanged zeolites: Building structure &#8211; activity relationships&#8221;.<\/li>\n<\/ul>\n<p>Faggruppa deler ut en pris for beste norske doktorgrad innen fagfeltet. Tidligere vinnere er:<\/p>\n<ul>\n<li>2019: Kun Guo fra UiS for avhandlingen &#8220;In-situ and ex-situ catalytic upgrading of heavy crude oil&#8221;.<\/li>\n<li>2017: Sigurd \u00d8ien-\u00d8degaard fra UiO for avhandlingen &#8220;Preparation, structure and reactivity of functionalized zirconium metal-organic frameworks&#8221;.<\/li>\n<li>2012: Francesca L\u00f8nstad Bleken fra UiO for avhandlingen &#8220;The methanol-to-hydrocarbons process: Towards fundamental understanding by one-parameter studies&#8221;.<\/li>\n<li>2011: Li He fra NTNU for avhandlingen &#8220;Sorption Enhanced Steam Reforming of Biomass-derived Compounds: Process and Material&#8221;.<\/li>\n<\/ul>\n<p>Vi gratulerer!<\/p>\n<h2>Popularisering og samfunnskontakt<\/h2>\n<p>Et viktig virkemiddel for \u00e5 oppn\u00e5 \u00f8kt forst\u00e5else og interesse for katalyse og kjemisk teknologi generelt er gjennom popul\u00e6rvitenskapelig publisering. Faggruppa har over flere \u00e5r v\u00e6rt bidragsyter til tidskriftet Kjemi, bl.a. med en serie om katalyse som startet i 1997. Unge forskere oppfordres spesielt til \u00e5 skrive om sin forskning.<\/p>\n<h2>Representasjon<\/h2>\n<p>Medlemmer av styret sitter som norske representanter i<a href=\"http:\/\/www.nordic-catalysis.org\/\"> Nordic Catalysis Society ,<\/a> <a href=\"http:\/\/www.efcats.org\/\">European Federation of Catalyst Societies <\/a> og <a href=\"http:\/\/www.iacs-catalysis.org\">International Association of Catalysis Communities<\/a>.<\/p>\n<p>Nordic Catalysis Society arrangerer det nordiske katalysesymposiet (f. eks. i Oslo i 2014\u00a0 og Trondheim i 2006) , og arrangerer sommerskoler for unge forskere. Nordisk Sommerskole i Katalyse ble arrangert i Norge juni 1999. Arrang\u00f8r var prof. Anders Holmen ved NTNU i Trondheim.<\/p>\n<p>European Federation of Catalysis Societies arrangerer Europacat-konferansen hvert annet \u00e5r og International Association of Catalysis Communities er involvert arrangeringen av International Congress on Catalysis (ICC).<\/p>\n<h2>M\u00f8ter og konferanser<\/h2>\n<p><a href=\"http:\/\/www.catalysis-lab.com\/\">Komplett oversikt (Uni K\u00f6ln)<\/a><\/p>\n<h2>Hva er katalyse?<\/h2>\n<p>En katalysator p\u00e5virker\u00a0hastigheten\u00a0til en kjemisk reaksjon.<br \/>\nL\u00e6r mer om mange av de grunnleggende begrepene innen fagfeltet katalyse:\u00a0<a href=\"http:\/\/www.chemguide.co.uk\/physical\/catalysismenu.html\">chemguide\/ catalysis<\/a><\/p>\n","protected":false},"excerpt":{"rendered":"<p>&#8220;Faggruppe for katalyse&#8221; ble opprettet i 1990 og dekker fagomr\u00e5dene homogen og heterogen katalyse, reaktorteknologi, metallorganisk kjemi og metall-komplekskjemi. Form\u00e5let til gruppen er \u00e5 \u00f8ke interessen for og bidra til tverrfaglig kontakt mellom omr\u00e5dene nevnt ovenfor. Faggruppen er landsomfattende, og alle med interesse for denne virksomheten kan bli medlemmer. Kontakt oss! Send en epost til &#8230; <a title=\"Om faggruppa\" class=\"read-more\" href=\"https:\/\/kjemi.no\/katalyse\/\" aria-label=\"Read more about Om faggruppa\">Read more<\/a><\/p>\n","protected":false},"author":1,"featured_media":0,"parent":0,"menu_order":0,"comment_status":"closed","ping_status":"closed","template":"","meta":{"footnotes":""},"class_list":["post-5","page","type-page","status-publish"],"_links":{"self":[{"href":"https:\/\/kjemi.no\/katalyse\/wp-json\/wp\/v2\/pages\/5","targetHints":{"allow":["GET"]}}],"collection":[{"href":"https:\/\/kjemi.no\/katalyse\/wp-json\/wp\/v2\/pages"}],"about":[{"href":"https:\/\/kjemi.no\/katalyse\/wp-json\/wp\/v2\/types\/page"}],"author":[{"embeddable":true,"href":"https:\/\/kjemi.no\/katalyse\/wp-json\/wp\/v2\/users\/1"}],"replies":[{"embeddable":true,"href":"https:\/\/kjemi.no\/katalyse\/wp-json\/wp\/v2\/comments?post=5"}],"version-history":[{"count":30,"href":"https:\/\/kjemi.no\/katalyse\/wp-json\/wp\/v2\/pages\/5\/revisions"}],"predecessor-version":[{"id":285,"href":"https:\/\/kjemi.no\/katalyse\/wp-json\/wp\/v2\/pages\/5\/revisions\/285"}],"wp:attachment":[{"href":"https:\/\/kjemi.no\/katalyse\/wp-json\/wp\/v2\/media?parent=5"}],"curies":[{"name":"wp","href":"https:\/\/api.w.org\/{rel}","templated":true}]}}