

{"id":37,"date":"2016-04-25T20:23:31","date_gmt":"2016-04-25T20:23:31","guid":{"rendered":"http:\/\/kjemi.no\/historie2\/?page_id=37"},"modified":"2026-02-21T09:14:44","modified_gmt":"2026-02-21T09:14:44","slug":"arsrapporter","status":"publish","type":"page","link":"https:\/\/kjemi.no\/historie\/arsrapporter\/","title":{"rendered":"\u00c5rsrapporter"},"content":{"rendered":"<p>\u00c5rsrapporter for faggruppen for Kjemiens historie<\/p>\n<p><a href=\"https:\/\/kjemi.no\/historie\/wp-content\/uploads\/sites\/6\/2026\/02\/Arsrapport-2025.pdf\">\u00c5rsrapport 2025<\/a><\/p>\n<p><a href=\"https:\/\/kjemi.no\/historie\/wp-content\/uploads\/sites\/6\/2026\/02\/Arsmelding-2024.pdf\">\u00c5rsmelding 2024<\/a><\/p>\n<p><a href=\"https:\/\/kjemi.no\/historie\/wp-content\/uploads\/sites\/6\/2024\/04\/Arsrapport-2023.pdf\">\u00c5rsrapport 2023<\/a><\/p>\n<p><a href=\"https:\/\/kjemi.no\/historie\/wp-content\/uploads\/sites\/6\/2023\/02\/Arsrapport-2022.pdf\">\u00c5rsrapport 2022<\/a><\/p>\n<p><a href=\"https:\/\/kjemi.no\/historie\/wp-content\/uploads\/sites\/6\/2022\/12\/Arsrapport-2021.pdf\">Arsrapport 2021<\/a><\/p>\n<p><a href=\"https:\/\/kjemi.no\/historie\/wp-content\/uploads\/sites\/6\/2021\/08\/Arsrapport19.pdf\">Arsrapport19<\/a><\/p>\n<p><a href=\"http:\/\/kjemi.no\/historie\/wp-content\/uploads\/sites\/6\/2016\/04\/Arsrapport16.pdf\">Arsrapport16<\/a><\/p>\n<p><a href=\"http:\/\/kjemi.no\/historie2\/wp-content\/uploads\/sites\/6\/2016\/04\/nks-historiegruppe-arsrapport-2015.pdf\">\u00c5rsrapport 2015<\/a> (pdf)<\/p>\n<p><a href=\"http:\/\/kjemi.no\/historie2\/wp-content\/uploads\/sites\/6\/2016\/04\/nks-historiegruppe-arsrapport-2014.pdf\">\u00c5rsrapport 2014<\/a> (pdf)<\/p>\n<p><a href=\"http:\/\/kjemi.no\/historie2\/wp-content\/uploads\/sites\/6\/2016\/04\/nks-historiegruppe-arsrapport-2013.pdf\">\u00c5rsrapport 2013<\/a> (pdf)<\/p>\n<p><a href=\"http:\/\/kjemi.no\/historie2\/wp-content\/uploads\/sites\/6\/2016\/04\/nks-historiegruppe-arsrapport-2012.pdf\">\u00c5rsrapport 2012<\/a> (pdf)<\/p>\n<p><a href=\"http:\/\/kjemi.no\/historie2\/wp-content\/uploads\/sites\/6\/2016\/04\/nks-historiegruppe-arsrapport-2011.pdf\">\u00c5rsrapport 2011<\/a> (pdf)<\/p>\n<p><a href=\"http:\/\/kjemi.no\/historie2\/wp-content\/uploads\/sites\/6\/2016\/04\/nks-historiegruppe-arsrapport-2010.pdf\">\u00c5rsrapport 2010<\/a> (pdf)<\/p>\n","protected":false},"excerpt":{"rendered":"<p>\u00c5rsrapporter for faggruppen for Kjemiens historie \u00c5rsrapport 2025 \u00c5rsmelding 2024 \u00c5rsrapport 2023 \u00c5rsrapport 2022 Arsrapport 2021 Arsrapport19 Arsrapport16 \u00c5rsrapport 2015 (pdf) \u00c5rsrapport 2014 (pdf) \u00c5rsrapport 2013 (pdf) \u00c5rsrapport 2012 (pdf) \u00c5rsrapport 2011 (pdf) \u00c5rsrapport 2010 (pdf)<\/p>\n","protected":false},"author":1,"featured_media":0,"parent":0,"menu_order":0,"comment_status":"closed","ping_status":"closed","template":"","meta":{"footnotes":""},"class_list":["post-37","page","type-page","status-publish"],"_links":{"self":[{"href":"https:\/\/kjemi.no\/historie\/wp-json\/wp\/v2\/pages\/37","targetHints":{"allow":["GET"]}}],"collection":[{"href":"https:\/\/kjemi.no\/historie\/wp-json\/wp\/v2\/pages"}],"about":[{"href":"https:\/\/kjemi.no\/historie\/wp-json\/wp\/v2\/types\/page"}],"author":[{"embeddable":true,"href":"https:\/\/kjemi.no\/historie\/wp-json\/wp\/v2\/users\/1"}],"replies":[{"embeddable":true,"href":"https:\/\/kjemi.no\/historie\/wp-json\/wp\/v2\/comments?post=37"}],"version-history":[{"count":12,"href":"https:\/\/kjemi.no\/historie\/wp-json\/wp\/v2\/pages\/37\/revisions"}],"predecessor-version":[{"id":294,"href":"https:\/\/kjemi.no\/historie\/wp-json\/wp\/v2\/pages\/37\/revisions\/294"}],"wp:attachment":[{"href":"https:\/\/kjemi.no\/historie\/wp-json\/wp\/v2\/media?parent=37"}],"curies":[{"name":"wp","href":"https:\/\/api.w.org\/{rel}","templated":true}]}}