

{"id":20,"date":"2016-04-25T20:01:00","date_gmt":"2016-04-25T20:01:00","guid":{"rendered":"http:\/\/kjemi.no\/historie2\/?page_id=20"},"modified":"2026-02-21T09:16:12","modified_gmt":"2026-02-21T09:16:12","slug":"styret","status":"publish","type":"page","link":"https:\/\/kjemi.no\/historie\/styret\/","title":{"rendered":"Styret"},"content":{"rendered":"<p>Styret for faggruppen for kjemiens historie best\u00e5r av<\/p>\n<p>Professor Annette Lykknes, Institutt for l\u00e6rerutdanning, NTNU (leder, p\u00e5 valg i 2028)<\/p>\n<p>Professor emeritus Leiv Sydnes, Kjemisk institutt, UiB (nestleder, p\u00e5 valg 2027)<\/p>\n<p>Dosent Jonas Persson, Skolelaboratoriet for matematikk, naturfag og teknologi ved NTNU (styremedlem, p\u00e5 valg 2027)<\/p>\n<p>Lars Thomas Wold, Internova L.T. Wold, Oslo (styremedlem, p\u00e5 valg i 2028)<\/p>\n<p>Marit R\u00f8yne, Stovner videreg\u00e5ende skole, Oslo (vara, p\u00e5 valg i 2027)<\/p>\n<p>&nbsp;<\/p>\n<p>&nbsp;<\/p>\n<p>Styret utgj\u00f8r ogs\u00e5 valgkomiteen<\/p>\n","protected":false},"excerpt":{"rendered":"<p>Styret for faggruppen for kjemiens historie best\u00e5r av Professor Annette Lykknes, Institutt for l\u00e6rerutdanning, NTNU (leder, p\u00e5 valg i 2028) Professor emeritus Leiv Sydnes, Kjemisk institutt, UiB (nestleder, p\u00e5 valg 2027) Dosent Jonas Persson, Skolelaboratoriet for matematikk, naturfag og teknologi ved NTNU (styremedlem, p\u00e5 valg 2027) Lars Thomas Wold, Internova L.T. Wold, Oslo (styremedlem, p\u00e5 &#8230; <a title=\"Styret\" class=\"read-more\" href=\"https:\/\/kjemi.no\/historie\/styret\/\" aria-label=\"Read more about Styret\">Les mer<\/a><\/p>\n","protected":false},"author":1,"featured_media":0,"parent":0,"menu_order":0,"comment_status":"closed","ping_status":"closed","template":"","meta":{"footnotes":""},"class_list":["post-20","page","type-page","status-publish"],"_links":{"self":[{"href":"https:\/\/kjemi.no\/historie\/wp-json\/wp\/v2\/pages\/20","targetHints":{"allow":["GET"]}}],"collection":[{"href":"https:\/\/kjemi.no\/historie\/wp-json\/wp\/v2\/pages"}],"about":[{"href":"https:\/\/kjemi.no\/historie\/wp-json\/wp\/v2\/types\/page"}],"author":[{"embeddable":true,"href":"https:\/\/kjemi.no\/historie\/wp-json\/wp\/v2\/users\/1"}],"replies":[{"embeddable":true,"href":"https:\/\/kjemi.no\/historie\/wp-json\/wp\/v2\/comments?post=20"}],"version-history":[{"count":18,"href":"https:\/\/kjemi.no\/historie\/wp-json\/wp\/v2\/pages\/20\/revisions"}],"predecessor-version":[{"id":295,"href":"https:\/\/kjemi.no\/historie\/wp-json\/wp\/v2\/pages\/20\/revisions\/295"}],"wp:attachment":[{"href":"https:\/\/kjemi.no\/historie\/wp-json\/wp\/v2\/media?parent=20"}],"curies":[{"name":"wp","href":"https:\/\/api.w.org\/{rel}","templated":true}]}}