

{"id":2,"date":"2016-04-23T17:26:56","date_gmt":"2016-04-23T17:26:56","guid":{"rendered":"http:\/\/kjemi.no\/historie2\/?page_id=2"},"modified":"2023-02-21T11:32:58","modified_gmt":"2023-02-21T11:32:58","slug":"start","status":"publish","type":"page","link":"https:\/\/kjemi.no\/historie\/start\/","title":{"rendered":"Om faggruppen"},"content":{"rendered":"<h2>Om faggruppen<\/h2>\n<p>Faggruppens form\u00e5l er \u00e5 \u00f8ke interessen for kjemiens historie og \u00e5 styrke kontakten mellom dem som er interessert i kjemiens historie i Norge. Faggruppen er et bindeledd til tilsvarende organisasjoner i andre land.<\/p>\n<p>Er du medlem av NKS, og er interessert i kjemiens historie, kan du bli medlem av faggruppen ved \u00e5 sende et e-brev til John Vedde, som har ansvar for medlemsdatabasen i NKS.\u00a0Epost: <a href=\"mailto:medlem@kjemi.no\">medlem@kjemi.no<\/a>.<\/p>\n<p>Sp\u00f8rsm\u00e5l om faggruppen kan rettes til:<br \/>\nProfessor Annette Lykknes, Institutt for l\u00e6rerutdanning, NTNU<br \/>\nTlf: 48031517<br \/>\ne-post: annette.lykknes@ntnu.no\u00a0\u00a0<a href=\"https:\/\/www.ntnu.no\/ansatte\/annette.lykknes\">Hjemmeside<\/a><\/p>\n<p><a href=\"http:\/\/kjemi.no\/historie\/wp-content\/uploads\/sites\/6\/2016\/04\/vedtekter-faggruppe-kjemiens-historie.pdf\">Vedtekter for faggruppen<\/a>\u00a0(pdf). \u00a0\u00a0<a href=\"http:\/\/kjemi.no\/historie\/styret\/\">Styret for faggruppen<\/a>. \u00a0<a href=\"http:\/\/kjemi.no\/historie\/arsrapporter\/\"> \u00c5rsrapporter.<\/a><\/p>\n<h2>Hva har de \u00e5tte kjemikerne \u00f8verst p\u00e5 siden\u00a0felles?<\/h2>\n<p>Svar: De satt i samme stilling ved Universitet i Christiania\/Oslo.<\/p>\n<p><a href=\"https:\/\/snl.no\/Jens_Jacob_Keyser\">Jac Keyser<\/a> var den f\u00f8rste som bestyrte Chemisk Laboratorium 1814-39. <a href=\"https:\/\/snl.no\/Moritz_Christian_Julius_Thaulow\">Moritz Thaulow<\/a> etterfulgte ham 1839-50 og <a href=\"https:\/\/snl.no\/Adolph_Strecker\">Adolph Strecker<\/a> ham igjen 1851-60. <a href=\"https:\/\/snl.no\/Peter_Waage%2Fnorsk_kjemiker\">Peter Waage<\/a> \u00a0overtok som bestyrer 1861-1900.<\/p>\n<p>I 1872 ble det ytterligere en professor i kjemi, <a href=\"https:\/\/snl.no\/Thorstein_Hallager_Hiortdahl\">Thorstein H. Hiortdahl<\/a>. Da ble laboratoriet delt i to avdelinger. Waage bestyrte avdeling A som underviste realister og mineraloger i generell og uorganisk kjemi. <a href=\"https:\/\/snl.no\/Heinrich_Goldschmidt\">Heinrich Goldschmidt<\/a> (1902-29) etterfulgte Waage, og han ble etterfulgt av <a href=\"https:\/\/snl.no\/Ellen_Gleditsch\">Ellen Gleditsch<\/a> (1929-45).<\/p>\n<p>I 1934 flyttet kjemikerne fra Frederiksgate 3 til Blindern. Da skiftet navnet fra Kjemisk laboratorium til Kjemisk institutt. Det ble delt i tre avdelinger: uorganisk, organisk og fysikalsk kjemi. <a href=\"https:\/\/snl.no\/Haakon_Haraldsen\">Haakon K. Haraldsen<\/a> (1947-75) etterfulgte Gleditsch som bestyrer av avdeling A i 1947, og i 1974 ble han etterfulgt av<a href=\"https:\/\/snl.no\/Per_Kofstad\"> Per K. Kofstad <\/a>(1975-95). Bestyrerplikten ble opphevet i 1970 s\u00e5 Kofstad var den f\u00f8rste i stillingen som ikke automatisk ble bestyrer.<\/p>\n<p>Alle professorene i denne rekken var <a href=\"https:\/\/snl.no\/embetsmann\">embetsmenn <\/a>og var utnevnt av Kongen i statsr\u00e5d. Om det skulle v\u00e6re en professor i et fag ble bestemt av Stortinget. Etter 1989 blir nye professorer <a href=\"https:\/\/snl.no\/statstjenestemann\">statstjenestemenn<\/a>, og universitetet kan selv bestemme opprykk til professor for en ansatt eller om de vil utlyse et professorat i et fag. S\u00e5 dermed ble det slutt p\u00e5 anerekker som denne.<\/p>\n<p>&nbsp;<\/p>\n<h2>Et utvalg nyere publikasjoner i kjemihistorie<\/h2>\n<p>Annette Lykknes, Elena Serrano, Joris Mercelius (guest editors). \u201c\u2019 I am not a Lady, I am a Scientist\u2019. Chemistry, women and gender in the Enlightenment and the era of professional science\u201d, <em>Ambix<\/em> 69(3) (2022).<\/p>\n<p>Brigitte Van Tiggelen and Annette Lykknes<strong>. <\/strong>A Seat at the Table: Women and the Periodic System. In: <em>The Palgrave Handbook of Women and Science since 1660<\/em> (Palgrave Macmillan, 2022), pp. 355\u2013378.<\/p>\n<p>Annette Lykknes and Brigitte Van Tiggelen (guest editors). \u201cThe Periodic System: The (Multiple) Values of an Icon\u201d, <em>Centaurus<\/em> 61(4) (2019)<\/p>\n<p><strong>\u00a0<\/strong>Brigitte Van Tiggelen, Annette Lykknes and Luis Moreno Mart\u00ednez (guest editors). \u201cThe Periodic System: A History of Shaping and Sharing\u201d, <em>Substantia <\/em>3(2) Suppl. 4 (2019).<\/p>\n<p><strong>\u00a0<\/strong>Unni Eikeseth og Annette Lykknes. <em>Periodesystemet: Fra alkymi til kjernekjemi<\/em> (Museumsforlaget, 2019). [Nominert til NTNUs litteraturpris: <a href=\"https:\/\/www.forfattersentrum.no\/de-nominerte-til-ntnus-litteraturpris-2\/\">https:\/\/www.forfattersentrum.no\/de-nominerte-til-ntnus-litteraturpris-2\/<\/a>]<\/p>\n<p><strong>\u00a0<\/strong>Annette Lykknes and Brigitte Van Tiggelen (eds.). <em>Women in their Element: Selected Women\u2019s Contributions to the Periodic System <\/em>(Singapore: World Scientific, 2019). <a href=\"https:\/\/doi.org\/10.1142\/11442\"><em>https:\/\/doi.org\/10.1142\/11442<\/em><\/a><em>\u00a0<\/em><\/p>\n<p><strong>\u00a0<\/strong>Bj\u00f8rn Pedersens <em>Peter Waag<\/em>e og <em>Syv bidrag til norsk kjemihistori<\/em>e er n\u00e5 digitalisert og tilgjengelig i Oria (universitetsbiblioteket).<\/p>\n<p>Annette Lykknes og Joakim Ziegler Gusland, Akademi og industri. <a href=\"http:\/\/blog.nt.ntnu.no\/kjemi-ved-ntnu-gjennom-100-ar\/\">Kjemiutdanning og \u2013forskning ved NTNU gjennom 100 \u00e5r<\/a> (Fagbokforlaget, 2015)<\/p>\n<p>Ragnar Bye, Berit Smestad Paulsen og Bj\u00f8rn Pedersen, Farmas\u00f8ytisk og Kjemisk institutt UiO:\u00a0<a href=\"http:\/\/www.mn.uio.no\/kjemi\/tjenester\/kunnskap\/gloersen\/\" target=\"_blank\" rel=\"noopener noreferrer\">Organisk kjemi anno 1830 &#8211;\u00a0En annotert utgave av J\u00f8rgen Gl\u00f8ersens notater fra professor Jac Keysers forelesninger i 1830<\/a>.<\/p>\n<p>&nbsp;<\/p>\n","protected":false},"excerpt":{"rendered":"<p>Om faggruppen Faggruppens form\u00e5l er \u00e5 \u00f8ke interessen for kjemiens historie og \u00e5 styrke kontakten mellom dem som er interessert i kjemiens historie i Norge. Faggruppen er et bindeledd til tilsvarende organisasjoner i andre land. Er du medlem av NKS, og er interessert i kjemiens historie, kan du bli medlem av faggruppen ved \u00e5 sende &#8230; <a title=\"Om faggruppen\" class=\"read-more\" href=\"https:\/\/kjemi.no\/historie\/start\/\" aria-label=\"Read more about Om faggruppen\">Les mer<\/a><\/p>\n","protected":false},"author":1,"featured_media":0,"parent":0,"menu_order":0,"comment_status":"closed","ping_status":"closed","template":"","meta":{"footnotes":""},"class_list":["post-2","page","type-page","status-publish"],"_links":{"self":[{"href":"https:\/\/kjemi.no\/historie\/wp-json\/wp\/v2\/pages\/2","targetHints":{"allow":["GET"]}}],"collection":[{"href":"https:\/\/kjemi.no\/historie\/wp-json\/wp\/v2\/pages"}],"about":[{"href":"https:\/\/kjemi.no\/historie\/wp-json\/wp\/v2\/types\/page"}],"author":[{"embeddable":true,"href":"https:\/\/kjemi.no\/historie\/wp-json\/wp\/v2\/users\/1"}],"replies":[{"embeddable":true,"href":"https:\/\/kjemi.no\/historie\/wp-json\/wp\/v2\/comments?post=2"}],"version-history":[{"count":46,"href":"https:\/\/kjemi.no\/historie\/wp-json\/wp\/v2\/pages\/2\/revisions"}],"predecessor-version":[{"id":214,"href":"https:\/\/kjemi.no\/historie\/wp-json\/wp\/v2\/pages\/2\/revisions\/214"}],"wp:attachment":[{"href":"https:\/\/kjemi.no\/historie\/wp-json\/wp\/v2\/media?parent=2"}],"curies":[{"name":"wp","href":"https:\/\/api.w.org\/{rel}","templated":true}]}}