

{"id":2,"date":"2014-06-14T21:40:01","date_gmt":"2014-06-14T21:40:01","guid":{"rendered":"http:\/\/kjemi.no\/grenland2\/?page_id=2"},"modified":"2025-10-14T09:03:24","modified_gmt":"2025-10-14T09:03:24","slug":"sample-page","status":"publish","type":"page","link":"https:\/\/kjemi.no\/grenland\/","title":{"rendered":"Styret i Grenland og Vestfold avdeling"},"content":{"rendered":"<p>Leder: <strong>Lars Erik \u00d8i<\/strong><br \/>\nStyremedlem: <strong>Odd-Arne Lorentsen<br \/>\n<\/strong>Styremedlem<strong>: Lars-Erik Owe<br \/>\n<\/strong>Styremedlem: <strong>Knut \u00c5sen<\/strong><br \/>\nStyremedlem: <strong>Karl Isak Skau<\/strong><br \/>\nStyremedlem: <strong>H\u00e5kon Leth-Olsen<\/strong><\/p>\n<h3>Kontakt<\/h3>\n<p>Lars \u00d8i, Universitetet i S\u00f8r\u00f8st-Norge, 3901 Porsgrunn, epost:Lars.Oi@usn.no.<\/p>\n","protected":false},"excerpt":{"rendered":"<p>Leder: Lars Erik \u00d8i Styremedlem: Odd-Arne Lorentsen Styremedlem: Lars-Erik Owe Styremedlem: Knut \u00c5sen Styremedlem: Karl Isak Skau Styremedlem: H\u00e5kon Leth-Olsen Kontakt Lars \u00d8i, Universitetet i S\u00f8r\u00f8st-Norge, 3901 Porsgrunn, epost:Lars.Oi@usn.no.<\/p>\n","protected":false},"author":1,"featured_media":0,"parent":0,"menu_order":0,"comment_status":"closed","ping_status":"closed","template":"","meta":{"footnotes":""},"class_list":["post-2","page","type-page","status-publish"],"_links":{"self":[{"href":"https:\/\/kjemi.no\/grenland\/wp-json\/wp\/v2\/pages\/2","targetHints":{"allow":["GET"]}}],"collection":[{"href":"https:\/\/kjemi.no\/grenland\/wp-json\/wp\/v2\/pages"}],"about":[{"href":"https:\/\/kjemi.no\/grenland\/wp-json\/wp\/v2\/types\/page"}],"author":[{"embeddable":true,"href":"https:\/\/kjemi.no\/grenland\/wp-json\/wp\/v2\/users\/1"}],"replies":[{"embeddable":true,"href":"https:\/\/kjemi.no\/grenland\/wp-json\/wp\/v2\/comments?post=2"}],"version-history":[{"count":12,"href":"https:\/\/kjemi.no\/grenland\/wp-json\/wp\/v2\/pages\/2\/revisions"}],"predecessor-version":[{"id":47,"href":"https:\/\/kjemi.no\/grenland\/wp-json\/wp\/v2\/pages\/2\/revisions\/47"}],"wp:attachment":[{"href":"https:\/\/kjemi.no\/grenland\/wp-json\/wp\/v2\/media?parent=2"}],"curies":[{"name":"wp","href":"https:\/\/api.w.org\/{rel}","templated":true}]}}