

{"id":2,"date":"2016-04-13T19:28:20","date_gmt":"2016-04-13T19:28:20","guid":{"rendered":"http:\/\/kjemi.no\/fum2\/?page_id=2"},"modified":"2024-03-04T16:40:14","modified_gmt":"2024-03-04T16:40:14","slug":"hjem","status":"publish","type":"page","link":"https:\/\/kjemi.no\/fum\/","title":{"rendered":"Hjem"},"content":{"rendered":"<h2>Om faggruppen<\/h2>\n<p>Faggruppen for Uorganisk kjemi og materialkjemi ble formelt opprettet p\u00e5 Norsk Kjemisk Selskaps r\u00e5dsm\u00f8te 12. april i 2013.<\/p>\n<h3>Innmelding<\/h3>\n<p>Allerede medlem av NKS? Send en epost til <a href=\"mailto:medlem@kjemi.no\">medlem@kjemi.no<\/a> og skriv at du vil bli medlem av faggruppen.<\/p>\n<p>Ikke medlem av NKS? <a href=\"http:\/\/www.kjemi.no\/medlemskap\/\">Meld deg inn i NKS<\/a> og kryss av for &laquo;Faggruppe for Uorganisk kjemi og materialkjemi&raquo;.<\/p>\n<h3>Kontakt<\/h3>\n<p>Leder er Stine Roen, UiO. Epost: <a href=\"mailto:stine.roen@kjemi.uio.no\">stine.roen@kjemi.uio.no<\/a><\/p>\n<h3>Vedtekter<\/h3>\n<p><a href=\"http:\/\/kjemi.no\/fum2\/wp-content\/uploads\/sites\/5\/2016\/04\/vedtekter-nks-fum.pdf\">Last ned vedtekter for faggruppen<\/a> (pdf)<\/p>\n<h2>Styret<\/h2>\n<p>Leder: Stine Roen (UiO) email: stine.roen@kjemi.uio.no<\/p>\n<p>Nestleder: Maria Mykland (NTNU)<\/p>\n<p>Kasserer: Anja O. Sj\u00e5stad (UiO)<\/p>\n<p>Sektret\u00e6r: Julian Walker (NTNU)<\/p>\n<p>Styremedlem: Jelena Popovic-Neuber (UiS)<\/p>\n<p>Styremedlem: Vilde Lunde (UiO\/IFE)<\/p>\n<p>Varamedlem: Marcus Grand Michaelsen (NTNU)<\/p>\n<p>Revisor: Ola Nilsen (UiO)<\/p>\n<p>Valgkomite 1: Didrik Sm\u00e5br\u00e5ten (SINTEF)<\/p>\n<p>Valgkomite 2: Benjamin Williamson (NTNU)<\/p>\n","protected":false},"excerpt":{"rendered":"<p>Om faggruppen Faggruppen for Uorganisk kjemi og materialkjemi ble formelt opprettet p\u00e5 Norsk Kjemisk Selskaps r\u00e5dsm\u00f8te 12. april i 2013. Innmelding Allerede medlem av NKS? Send en epost til medlem@kjemi.no og skriv at du vil bli medlem av faggruppen. Ikke medlem av NKS? Meld deg inn i NKS og kryss av for &laquo;Faggruppe for Uorganisk &#8230; <a title=\"Hjem\" class=\"read-more\" href=\"https:\/\/kjemi.no\/fum\/\" aria-label=\"Read more about Hjem\">Les mer<\/a><\/p>\n","protected":false},"author":1,"featured_media":0,"parent":0,"menu_order":0,"comment_status":"closed","ping_status":"closed","template":"","meta":{"footnotes":""},"class_list":["post-2","page","type-page","status-publish"],"_links":{"self":[{"href":"https:\/\/kjemi.no\/fum\/wp-json\/wp\/v2\/pages\/2","targetHints":{"allow":["GET"]}}],"collection":[{"href":"https:\/\/kjemi.no\/fum\/wp-json\/wp\/v2\/pages"}],"about":[{"href":"https:\/\/kjemi.no\/fum\/wp-json\/wp\/v2\/types\/page"}],"author":[{"embeddable":true,"href":"https:\/\/kjemi.no\/fum\/wp-json\/wp\/v2\/users\/1"}],"replies":[{"embeddable":true,"href":"https:\/\/kjemi.no\/fum\/wp-json\/wp\/v2\/comments?post=2"}],"version-history":[{"count":22,"href":"https:\/\/kjemi.no\/fum\/wp-json\/wp\/v2\/pages\/2\/revisions"}],"predecessor-version":[{"id":40,"href":"https:\/\/kjemi.no\/fum\/wp-json\/wp\/v2\/pages\/2\/revisions\/40"}],"wp:attachment":[{"href":"https:\/\/kjemi.no\/fum\/wp-json\/wp\/v2\/media?parent=2"}],"curies":[{"name":"wp","href":"https:\/\/api.w.org\/{rel}","templated":true}]}}