

{"id":12,"date":"2019-03-17T14:53:28","date_gmt":"2019-03-17T13:53:28","guid":{"rendered":"https:\/\/kjemi.no\/bergen\/?page_id=12"},"modified":"2026-04-14T22:33:22","modified_gmt":"2026-04-14T21:33:22","slug":"om-bergen-avdeling","status":"publish","type":"page","link":"https:\/\/kjemi.no\/bergen\/","title":{"rendered":"Startside"},"content":{"rendered":"<p>Bergen avdeling, den nest st\u00f8rste i Norsk Kjemisk Selskap, arrangerer m\u00f8ter med faglige eller popul\u00e6rvitenskapelige foredrag om kjemisk tema av allmenn interesse. Jevnlig er det ogs\u00e5 bes\u00f8k p\u00e5 bedrifter og i virksomheter der kjemi spiller en viktig rolle for produksjon og utvikling.<\/p>\n<p>Hvis det ikke er kollisjon med ferie eller fest- og helligdager, er hovedregelen at m\u00f8tene foreg\u00e5r siste torsdag i hver m\u00e5ned med unntak av juni, juli og desember. M\u00f8tene avsluttes med forfriskninger, noe \u00e5 bite i og kontaktskapende dr\u00f8s.<\/p>\n<p><span style=\"color: #000000\">Dette v\u00e5rsemesteret blir det fem m\u00f8ter i avdelingen. P\u00e5minning om m\u00f8tene vil skje gjennom e-poster til medlemmene og ved oppslag p\u00e5 Universitetet og H\u00f8gskulen.<\/span><\/p>\n<p style=\"text-align: left\"><span style=\"color: #000000\"><strong> Velkommen til faglig p\u00e5fyll i hyggelig lag<\/strong>.<\/span><\/p>\n<p><strong><em><span style=\"color: #0000ff\">Torsdag 23. april 2026 kl. 19:00<\/span><\/em><\/strong><\/p>\n<p>Velkommen til aprilm\u00f8tet i selskapet. Denne gang er det bedriftsbes\u00f8k hos Eurofins som har adresse Sandvikveien 110, inngang A.<\/p>\n<p>Eurofins Environment Testing Norway AS er et kommersielt selskap som\u00a0utf\u00f8rer kjemiske og mikrobiologiske milj\u00f8analyser for kommuner, konsulenter og andre private akt\u00f8rer. Eurofins i Bergen har spesialisert seg p\u00e5 sedimentanalyser, passive pr\u00f8vetakere og mikroplastanalyser.<\/p>\n<p>For \u00e5 komme til bedriften, er det greit \u00e5 ta buss. Bruke linje 3, 4, 12 eller 19\u00a0som har avgang fra\/ via Bergen sentrum\u00a0og stopper p\u00e5 Munkebotn, som er n\u00e6rmeste holdeplass til Eurofins.<br \/>\nEurofins ligger like over gangbroen, ca. 2\u20135 minutters gange fra Munkebotn busstopp.<\/p>\n<p>P\u00e5 grunn av omvisningen som inng\u00e5r i programmet, er det begrensning i antall deltakere. De som vil delta, m\u00e5 derfor melde seg p\u00e5 per e-post til <a href=\"mailto:leiv.sydnes@uib.no\">leiv.sydnes@uib.no<\/a> f\u00f8r torsdag 23. april. Oppgi b\u00e5de navn og arbeidsplass.<\/p>\n<p>&nbsp;<\/p>\n<p><strong><em><span style=\"color: #0000ff\">Torsdag 21. mai 2026 kl. 19:00<\/span><\/em><\/strong><strong><em><br \/>\n<\/em><\/strong><\/p>\n<p>Det planlegges et m\u00f8te om testing av kunnskaper i kjemi ved bruk av skriftlig eksamen. Relevante eksamensoppgaver vil bli gjort tilgjengelige og brukt for som utgangspunkt for diskusjon<strong>.<br \/>\n<\/strong>Sted:\u00a0Kjemisk institutt, Universitetet i Bergen<\/p>\n","protected":false},"excerpt":{"rendered":"<p>Bergen avdeling, den nest st\u00f8rste i Norsk Kjemisk Selskap, arrangerer m\u00f8ter med faglige eller popul\u00e6rvitenskapelige foredrag om kjemisk tema av allmenn interesse. Jevnlig er det ogs\u00e5 bes\u00f8k p\u00e5 bedrifter og i virksomheter der kjemi spiller en viktig rolle for produksjon og utvikling. Hvis det ikke er kollisjon med ferie eller fest- og helligdager, er hovedregelen &#8230; <a title=\"Startside\" class=\"read-more\" href=\"https:\/\/kjemi.no\/bergen\/\" aria-label=\"Read more about Startside\">Les mer<\/a><\/p>\n","protected":false},"author":1,"featured_media":0,"parent":52,"menu_order":0,"comment_status":"closed","ping_status":"closed","template":"","meta":{"footnotes":""},"class_list":["post-12","page","type-page","status-publish"],"_links":{"self":[{"href":"https:\/\/kjemi.no\/bergen\/wp-json\/wp\/v2\/pages\/12","targetHints":{"allow":["GET"]}}],"collection":[{"href":"https:\/\/kjemi.no\/bergen\/wp-json\/wp\/v2\/pages"}],"about":[{"href":"https:\/\/kjemi.no\/bergen\/wp-json\/wp\/v2\/types\/page"}],"author":[{"embeddable":true,"href":"https:\/\/kjemi.no\/bergen\/wp-json\/wp\/v2\/users\/1"}],"replies":[{"embeddable":true,"href":"https:\/\/kjemi.no\/bergen\/wp-json\/wp\/v2\/comments?post=12"}],"version-history":[{"count":86,"href":"https:\/\/kjemi.no\/bergen\/wp-json\/wp\/v2\/pages\/12\/revisions"}],"predecessor-version":[{"id":302,"href":"https:\/\/kjemi.no\/bergen\/wp-json\/wp\/v2\/pages\/12\/revisions\/302"}],"up":[{"embeddable":true,"href":"https:\/\/kjemi.no\/bergen\/wp-json\/wp\/v2\/pages\/52"}],"wp:attachment":[{"href":"https:\/\/kjemi.no\/bergen\/wp-json\/wp\/v2\/media?parent=12"}],"curies":[{"name":"wp","href":"https:\/\/api.w.org\/{rel}","templated":true}]}}